{"id":20908,"date":"2026-01-12T15:22:59","date_gmt":"2026-01-12T14:22:59","guid":{"rendered":"https:\/\/bimmerle.de\/?page_id=20908"},"modified":"2026-01-20T15:58:35","modified_gmt":"2026-01-20T14:58:35","slug":"label-5","status":"publish","type":"page","link":"https:\/\/bimmerle.de\/en\/brands\/label-5\/","title":{"rendered":"Label 5"},"content":{"rendered":"<section class=\"l-section wpb_row label5_hero height_medium full_height valign_center with_img parallax_ver\"><div class=\"l-section-img\" role=\"img\" aria-label=\"Image\" data-img-width=\"2560\" data-img-height=\"1712\" style=\"background-image: url(https:\/\/bimmerle.de\/wp-content\/uploads\/2026\/01\/shutterstock_1665711028-scaled.jpg);\"><\/div><div class=\"l-section-h i-cf\"><div class=\"g-cols vc_row via_flex valign_middle type_default stacking_default\"><div class=\"vc_col-sm-12 wpb_column vc_column_container\"><div class=\"vc_column-inner\"><div class=\"wpb_wrapper\"><div class=\"w-image us_custom_a6eabb01 is-dark has_height align_center\"><div class=\"w-image-h\"><img decoding=\"async\" width=\"887\" height=\"2500\" src=\"https:\/\/bimmerle.de\/wp-content\/uploads\/2026\/01\/LABEL5-Classic-Black.webp\" class=\"attachment-full size-full\" alt=\"\" loading=\"lazy\" srcset=\"https:\/\/bimmerle.de\/wp-content\/uploads\/2026\/01\/LABEL5-Classic-Black.webp 887w, https:\/\/bimmerle.de\/wp-content\/uploads\/2026\/01\/LABEL5-Classic-Black-106x300.webp 106w, https:\/\/bimmerle.de\/wp-content\/uploads\/2026\/01\/LABEL5-Classic-Black-363x1024.webp 363w\" sizes=\"auto, (max-width: 887px) 100vw, 887px\" \/><\/div><\/div><div data-us-scroll=\"{&quot;from_initial_position&quot;:&quot;0&quot;,&quot;start_position&quot;:&quot;0%&quot;,&quot;end_position&quot;:&quot;100%&quot;,&quot;delay&quot;:&quot;0.1s&quot;,&quot;translate_y_direction&quot;:&quot;up&quot;,&quot;translate_y_speed&quot;:&quot;0.5x&quot;}\" class=\"w-image us_custom_47b42036 us_animate_this has_scroll_effects has_translate_y align_center\"><div class=\"w-image-h\"><img decoding=\"async\" width=\"1024\" height=\"1024\" src=\"https:\/\/bimmerle.de\/wp-content\/uploads\/2026\/01\/LABEL5_LOGO_RGB.svg\" class=\"attachment-large size-large\" alt=\"\" loading=\"lazy\" \/><\/div><\/div><\/div><\/div><\/div><\/div><\/div><\/section><section class=\"l-section wpb_row height_auto width_full\"><div class=\"l-section-h i-cf\"><div class=\"g-cols vc_row via_flex valign_top type_default stacking_default\"><div class=\"vc_col-sm-12 wpb_column vc_column_container\"><div class=\"vc_column-inner\"><div class=\"wpb_wrapper\"><div class=\"w-html\"><div class='label5_slider'>\n\n    <!-- Slider main container -->\n    <div class=\"swiper label5_swiper\">\n        <div class=\"swiper-bg\">\n            <div class=\"swiper-bg-left\">\n                <div class=\"thumb_container\">\n                    <div thumbsSlider=\"\" class=\"swiper label5_thumb_swiper\">\n                        <div class=\"swiper-wrapper\">\n                                                            <div class=\"swiper-slide\">\n                                    <img decoding=\"async\" class=\"swiper-thumb-image\"\n                                        src=\"https:\/\/bimmerle.de\/wp-content\/themes\/Impreza-child\/custom_elements\/label5_slider\/img\/LABEL5 Classic Black.webp\">\n                                <\/div>\n                                                        <\/div>\n\n                    <\/div>\n                <\/div>\n            <\/div>\n\n            <div class=\"swiper-bg-right\">\n                <img decoding=\"async\" class=\"swiper-bg-image\" src=\"https:\/\/bimmerle.de\/wp-content\/themes\/Impreza-child\/custom_elements\/label5_slider\/img\/shutterstock_1665711028.jpg\">\n                <!-- <img decoding=\"async\" class=\"swiper-bg-supersign\" src=\"https:\/\/bimmerle.de\/wp-content\/themes\/Impreza-child\/custom_elements\/label5_slider\/img\/Label5Creek_Zeichnungen_Siegel.svg\"> -->\n                <div class=\"swiper-bg-content-wrapper\">\n                    <h3>\n                        Product of  <br><b>Scotland<\/b>                    <\/h3>\n                <\/div>\n            <\/div>\n\n        <\/div>\n        <!-- Additional required wrapper -->\n        <div class=\"swiper-wrapper label5_swiper-wrapper\">\n            <!-- Slides -->\n                            <div class=\"swiper-slide\" data-hash=\"label5-scotch-whisky\">\n                    <div class=\"swiper-slide-left\">\n                        <div class=\"swiper-left-content-wrapper\">\n                            <h4 data-swiper-parallax=\"-500\">ORIGINAL SCOTCH WHISKY <\/h4>\n                            <h2 data-swiper-parallax=\"-400\">Label5 Scotch Whisky<\/h2>\n                            <p data-swiper-parallax=\"-300\">\n                                <b>LABEL 5<\/b> Classic Black Scotch Whisky\nmatures for over three years in bar-\nrels previously filled with bourbon,\ngiving it a dark amber colour.                             <\/p>\n                            <div class=\"slide-facts\" data-swiper-parallax=\"-200\" data-swiper-parallax-opacity=\"0\">\n                                                                    <div class=\"slide-fact-single\">\n                                        WITH FRUIT AND\nAND VANILLA FLAVOURS                                    <\/div>\n                                                                        <div class=\"slide-fact-single\">\n                                        MATURED FOR OVER 3\nYEARS                                    <\/div>\n                                                                        <div class=\"slide-fact-single\">\n                                        BALANCE\nOF SMOOTHNESS\nAND PEAT NOTES                                    <\/div>\n                                                                        <div class=\"slide-fact-single\">\n                                        TOP 10 WORLDWIDE                                    <\/div>\n                                                                <\/div>\n                                                                    <div class=\"vertriebsrechte-text\" data-swiper-parallax=\"-100\" style=\"display: flex; align-items: center; gap: 8px;\">\n                                        <span style=\"color: var(--color-content-primary); font-weight: bold; ;font-size: 1.2em;\" aria-label=\"Info\" title=\"Info\">&#9432;<\/span>\n                                        <span style=\"font-style:italic;\">\n                                        Distribution rights Germany                                        <\/span>\n                                    <\/div>\n                                                                                        <\/div>\n                    <\/div>\n                    <div class=\"swiper-slide-right\">\n                        <img decoding=\"async\" class=\"swiper-slide-image\" data-swiper-parallax=\"400\" data-swiper-parallax-opacity=\"0\"\n                            src=\"https:\/\/bimmerle.de\/wp-content\/themes\/Impreza-child\/custom_elements\/label5_slider\/img\/LABEL5 Classic Black.webp\">\n                    <\/div>\n                <\/div>\n                \n        <\/div>\n        <!-- If we need pagination -->\n        <!-- <div class=\" swiper-pagination\">\n        <\/div> -->\n\n        <!-- If we need navigation buttons -->\n        <div class=\"swiper-button-prev\"><\/div>\n        <div class=\"swiper-button-next\"><\/div>\n\n        <!-- If we need scrollbar -->\n        <!-- <div class=\"swiper-scrollbar\"><\/div> -->\n    <\/div>\n\n<\/div><\/div><\/div><\/div><\/div><\/div><\/div><\/section><section class=\"l-section wpb_row height_medium width_custom\" style=\"--site-content-width:1600px;\"><div class=\"l-section-h i-cf\"><div class=\"g-cols vc_row via_flex valign_top type_default stacking_default\"><div class=\"vc_col-sm-12 wpb_column vc_column_container\"><div class=\"vc_column-inner\"><div class=\"wpb_wrapper\"><div class=\"w-html us_custom_eb849559\"> <div class=\"brlbs-cmpnt-container brlbs-cmpnt-content-blocker brlbs-cmpnt-with-individual-styles\" data-borlabs-cookie-content-blocker-id=\"instagram\" data-borlabs-cookie-content=\"CQk8ZGl2IGlkPSJpbnN0YWdyYW0tZ2FsbGVyeS1mZWVkLTgiIGNsYXNzPSJpbnN0YWdyYW0tZ2FsbGVyeS1mZWVkIiBkYXRhLWZlZWQ9InsmcXVvdDtpZCZxdW90Ozo4LCZxdW90O2FjY291bnRfaWQmcXVvdDs6JnF1b3Q7MjQzMDUwODYyNjkxNzU2OTUmcXVvdDssJnF1b3Q7c291cmNlJnF1b3Q7OiZxdW90O3VzZXJuYW1lJnF1b3Q7LCZxdW90O3RhZyZxdW90OzomcXVvdDt3b3JkcHJlc3MmcXVvdDssJnF1b3Q7b3JkZXJfYnkmcXVvdDs6JnF1b3Q7dG9wX21lZGlhJnF1b3Q7LCZxdW90O2xheW91dCZxdW90OzomcXVvdDtjYXJvdXNlbCZxdW90OywmcXVvdDtsaW1pdCZxdW90OzoxMiwmcXVvdDtjb2x1bW5zJnF1b3Q7OjMsJnF1b3Q7c3BhY2luZyZxdW90OzoxMCwmcXVvdDtsYXp5JnF1b3Q7OmZhbHNlLCZxdW90O3Jlc3BvbnNpdmUmcXVvdDs6eyZxdW90O2Rlc2t0b3AmcXVvdDs6eyZxdW90O2NvbHVtbnMmcXVvdDs6NCwmcXVvdDtzcGFjaW5nJnF1b3Q7OjEwfSwmcXVvdDt0YWJsZXQmcXVvdDs6eyZxdW90O2NvbHVtbnMmcXVvdDs6MiwmcXVvdDtzcGFjaW5nJnF1b3Q7Ojh9LCZxdW90O21vYmlsZSZxdW90Ozp7JnF1b3Q7Y29sdW1ucyZxdW90OzoxLCZxdW90O3NwYWNpbmcmcXVvdDs6Nn0sJnF1b3Q7YnJlYWtwb2ludHMmcXVvdDs6eyZxdW90O3RhYmxldCZxdW90Ozo3NjgsJnF1b3Q7bW9iaWxlJnF1b3Q7OjQ4MH19LCZxdW90O2FzcGVjdF9yYXRpbyZxdW90Ozp7JnF1b3Q7d2lkdGgmcXVvdDs6MSwmcXVvdDtoZWlnaHQmcXVvdDs6MX0sJnF1b3Q7aGlnaGxpZ2h0JnF1b3Q7OnsmcXVvdDt0YWcmcXVvdDs6JnF1b3Q7JnF1b3Q7LCZxdW90O2lkJnF1b3Q7OiZxdW90OyZxdW90OywmcXVvdDtwb3NpdGlvbiZxdW90OzomcXVvdDsxLDMsNSZxdW90O30sJnF1b3Q7cmVlbCZxdW90Ozp7JnF1b3Q7aGlkZSZxdW90OzpmYWxzZX0sJnF1b3Q7Y29weXJpZ2h0JnF1b3Q7OnsmcXVvdDtoaWRlJnF1b3Q7OmZhbHNlLCZxdW90O3BsYWNlaG9sZGVyJnF1b3Q7OiZxdW90OyZxdW90O30sJnF1b3Q7cHJvZmlsZSZxdW90Ozp7JnF1b3Q7ZGlzcGxheSZxdW90OzpmYWxzZSwmcXVvdDt1c2VybmFtZSZxdW90OzomcXVvdDsmcXVvdDssJnF1b3Q7bmlja25hbWUmcXVvdDs6JnF1b3Q7JnF1b3Q7LCZxdW90O3dlYnNpdGUmcXVvdDs6JnF1b3Q7JnF1b3Q7LCZxdW90O2Jpb2dyYXBoeSZxdW90OzomcXVvdDsmcXVvdDssJnF1b3Q7bGlua190ZXh0JnF1b3Q7OiZxdW90O0ZvbGxvdyZxdW90OywmcXVvdDt3ZWJzaXRlX3RleHQmcXVvdDs6JnF1b3Q7V2Vic2l0ZSZxdW90OywmcXVvdDthdmF0YXImcXVvdDs6JnF1b3Q7JnF1b3Q7fSwmcXVvdDtib3gmcXVvdDs6eyZxdW90O2Rpc3BsYXkmcXVvdDs6ZmFsc2UsJnF1b3Q7cGFkZGluZyZxdW90OzoxLCZxdW90O3JhZGl1cyZxdW90OzowLCZxdW90O2JhY2tncm91bmQmcXVvdDs6JnF1b3Q7I2ZlZmVmZSZxdW90OywmcXVvdDtwcm9maWxlJnF1b3Q7OmZhbHNlLCZxdW90O2Rlc2MmcXVvdDs6JnF1b3Q7JnF1b3Q7LCZxdW90O3RleHRfY29sb3ImcXVvdDs6JnF1b3Q7IzAwMDAwMCZxdW90O30sJnF1b3Q7bWFzayZxdW90Ozp7JnF1b3Q7ZGlzcGxheSZxdW90Ozp0cnVlLCZxdW90O2JhY2tncm91bmQmcXVvdDs6JnF1b3Q7Izg4MTUxNTljJnF1b3Q7LCZxdW90O2ljb25fY29sb3ImcXVvdDs6JnF1b3Q7I2ZmZmZmZiZxdW90OywmcXVvdDtsaWtlc19jb3VudCZxdW90Ozp0cnVlLCZxdW90O2NvbW1lbnRzX2NvdW50JnF1b3Q7OnRydWV9LCZxdW90O2NhcmQmcXVvdDs6eyZxdW90O2Rpc3BsYXkmcXVvdDs6dHJ1ZSwmcXVvdDtyYWRpdXMmcXVvdDs6MSwmcXVvdDtmb250X3NpemUmcXVvdDs6MTYsJnF1b3Q7YmFja2dyb3VuZCZxdW90OzomcXVvdDsjZmZmZmZmJnF1b3Q7LCZxdW90O2JhY2tncm91bmRfaG92ZXImcXVvdDs6JnF1b3Q7JnF1b3Q7LCZxdW90O3RleHRfY29sb3ImcXVvdDs6JnF1b3Q7IzJiMmMzNiZxdW90OywmcXVvdDtwYWRkaW5nJnF1b3Q7OjUsJnF1b3Q7bGlrZXNfY291bnQmcXVvdDs6ZmFsc2UsJnF1b3Q7dGV4dF9sZW5ndGgmcXVvdDs6MjQsJnF1b3Q7Y29tbWVudHNfY291bnQmcXVvdDs6ZmFsc2UsJnF1b3Q7dGV4dF9hbGlnbiZxdW90OzomcXVvdDtsZWZ0JnF1b3Q7fSwmcXVvdDtjYXJvdXNlbCZxdW90Ozp7JnF1b3Q7Y2VudGVyZWRfc2xpZGVzJnF1b3Q7OmZhbHNlLCZxdW90O2F1dG9wbGF5JnF1b3Q7OnRydWUsJnF1b3Q7YXV0b3BsYXlfaW50ZXJ2YWwmcXVvdDs6NTAwMCwmcXVvdDtuYXZhcnJvd3MmcXVvdDs6dHJ1ZSwmcXVvdDtuYXZhcnJvd3NfY29sb3ImcXVvdDs6JnF1b3Q7I2ZmZmZmZiZxdW90OywmcXVvdDtwYWdpbmF0aW9uJnF1b3Q7OmZhbHNlLCZxdW90O3BhZ2luYXRpb25fY29sb3ImcXVvdDs6JnF1b3Q7JnF1b3Q7fSwmcXVvdDttb2RhbCZxdW90Ozp7JnF1b3Q7ZGlzcGxheSZxdW90Ozp0cnVlLCZxdW90O3Byb2ZpbGUmcXVvdDs6dHJ1ZSwmcXVvdDttZWRpYV9kZXNjcmlwdGlvbiZxdW90Ozp0cnVlLCZxdW90O2xpa2VzX2NvdW50JnF1b3Q7OnRydWUsJnF1b3Q7Y29tbWVudHNfY291bnQmcXVvdDs6dHJ1ZSwmcXVvdDtjb21tZW50c19saXN0JnF1b3Q7OmZhbHNlLCZxdW90O3RleHRfYWxpZ24mcXVvdDs6JnF1b3Q7bGVmdCZxdW90OywmcXVvdDttb2RhbF9hbGlnbiZxdW90OzomcXVvdDtyaWdodCZxdW90OywmcXVvdDt0ZXh0X2xlbmd0aCZxdW90OzoxMDAwMCwmcXVvdDtmb250X3NpemUmcXVvdDs6MTJ9LCZxdW90O2J1dHRvbiZxdW90Ozp7JnF1b3Q7ZGlzcGxheSZxdW90Ozp0cnVlLCZxdW90O3RleHQmcXVvdDs6JnF1b3Q7Rm9sbG93IFdvb2RzdG9yayBSdW0gb24gSW5zdGFncmFtJnF1b3Q7LCZxdW90O3RleHRfY29sb3ImcXVvdDs6JnF1b3Q7I2ZmZmYmcXVvdDssJnF1b3Q7YmFja2dyb3VuZCZxdW90OzomcXVvdDsjYjgwZTFkJnF1b3Q7LCZxdW90O2JhY2tncm91bmRfaG92ZXImcXVvdDs6JnF1b3Q7IzZiNzQ4YiZxdW90O30sJnF1b3Q7YnV0dG9uX2xvYWQmcXVvdDs6eyZxdW90O2Rpc3BsYXkmcXVvdDs6ZmFsc2UsJnF1b3Q7dGV4dCZxdW90OzomcXVvdDtMb2FkIG1vcmUuLi4mcXVvdDssJnF1b3Q7dGV4dF9jb2xvciZxdW90OzomcXVvdDsjZmZmZiZxdW90OywmcXVvdDtiYWNrZ3JvdW5kJnF1b3Q7OiZxdW90OyZxdW90OywmcXVvdDtiYWNrZ3JvdW5kX2hvdmVyJnF1b3Q7OiZxdW90OyZxdW90O319Ij4KCQk8IS0tIDxGZWVkQ29udGFpbmVyLz4gLS0+CgkJPC9kaXY+CgkJ\"><div class=\"brlbs-cmpnt-cb-preset-b brlbs-cmpnt-cb-instagram\"> <div class=\"brlbs-cmpnt-cb-thumbnail\" style=\"background-image: url('https:\/\/bimmerle.de\/wp-content\/uploads\/borlabs-cookie\/1\/cb-instagram-main.png')\"><\/div> <div class=\"brlbs-cmpnt-cb-main\"> <div class=\"brlbs-cmpnt-cb-content\"> <p class=\"brlbs-cmpnt-cb-description\">You are currently seeing a placeholder content of <strong>Instagram<\/strong>. To access the actual content, click on the button below. Please note that data will be passed on to third-party providers.<\/p> <a class=\"brlbs-cmpnt-cb-provider-toggle\" href=\"#\" data-borlabs-cookie-show-provider-information role=\"button\">More information<\/a> <\/div> <div class=\"brlbs-cmpnt-cb-buttons\"> <a class=\"brlbs-cmpnt-cb-btn\" href=\"#\" data-borlabs-cookie-unblock role=\"button\">Unlock content<\/a> <a class=\"brlbs-cmpnt-cb-btn\" href=\"#\" data-borlabs-cookie-accept-service role=\"button\" style=\"display: inherit\">Accept required service and unblock content<\/a> <\/div> <\/div> <\/div><\/div><\/div><\/div><\/div><\/div><\/div><\/div><\/section>\n","protected":false},"excerpt":{"rendered":"Product of Scotland ORIGINAL SCOTCH WHISKY Label5 Scotch Whisky LABEL 5 Classic Black Scotch Whisky matures for over three years in bar- rels previously filled with bourbon, giving it a dark amber colour. WITH FRUIT AND AND VANILLA FLAVOURS MATURED FOR OVER 3 YEARS BALANCE OF SMOOTHNESS AND PEAT NOTES TOP 10 WORLDWIDE &#9432; Distribution...","protected":false},"author":1,"featured_media":0,"parent":1888,"menu_order":0,"comment_status":"closed","ping_status":"closed","template":"","meta":{"_acf_changed":false,"footnotes":""},"class_list":["post-20908","page","type-page","status-publish","hentry"],"acf":[],"yoast_head":"<!-- This site is optimized with the Yoast SEO plugin v26.8 - https:\/\/yoast.com\/product\/yoast-seo-wordpress\/ -->\n<title>Label 5 - Bimmerle KG<\/title>\n<meta name=\"description\" content=\"Vom klassischen Obstbrand und Fruchtsaftlik\u00f6r der Marke L\u00d6RCH, \u00fcber NEEDLE BLACK FOREST Gin, bis hin zu WOOD STORK Spiced Rum und EVERMANN Whisky: Wir verbinden frische Ideen und Inspirationen aus der ganzen Welt mit der traditionellen Destillationskunst des Schwarzwalds.\" \/>\n<meta name=\"robots\" content=\"index, follow, max-snippet:-1, max-image-preview:large, max-video-preview:-1\" \/>\n<link rel=\"canonical\" href=\"https:\/\/bimmerle.de\/en\/brands\/label-5\/\" \/>\n<meta property=\"og:locale\" content=\"en_US\" \/>\n<meta property=\"og:type\" content=\"article\" \/>\n<meta property=\"og:title\" content=\"Label 5 - Bimmerle KG\" \/>\n<meta property=\"og:description\" content=\"Vom klassischen Obstbrand und Fruchtsaftlik\u00f6r der Marke L\u00d6RCH, \u00fcber NEEDLE BLACK FOREST Gin, bis hin zu WOOD STORK Spiced Rum und EVERMANN Whisky: Wir verbinden frische Ideen und Inspirationen aus der ganzen Welt mit der traditionellen Destillationskunst des Schwarzwalds.\" \/>\n<meta property=\"og:url\" content=\"https:\/\/bimmerle.de\/en\/brands\/label-5\/\" \/>\n<meta property=\"og:site_name\" content=\"Bimmerle KG\" \/>\n<meta property=\"article:modified_time\" content=\"2026-01-20T14:58:35+00:00\" \/>\n<meta property=\"og:image\" content=\"https:\/\/bimmerle.de\/wp-content\/uploads\/2024\/03\/bimmerle_open_graph.webp\" \/>\n\t<meta property=\"og:image:width\" content=\"2518\" \/>\n\t<meta property=\"og:image:height\" content=\"1512\" \/>\n\t<meta property=\"og:image:type\" content=\"image\/webp\" \/>\n<meta name=\"twitter:card\" content=\"summary_large_image\" \/>\n<meta name=\"twitter:label1\" content=\"Est. reading time\" \/>\n\t<meta name=\"twitter:data1\" content=\"4 minutes\" \/>\n<script type=\"application\/ld+json\" class=\"yoast-schema-graph\">{\"@context\":\"https:\/\/schema.org\",\"@graph\":[{\"@type\":\"WebPage\",\"@id\":\"https:\/\/bimmerle.de\/en\/brands\/label-5\/\",\"url\":\"https:\/\/bimmerle.de\/en\/brands\/label-5\/\",\"name\":\"Label 5 - Bimmerle KG\",\"isPartOf\":{\"@id\":\"https:\/\/bimmerle.de\/en\/#website\"},\"datePublished\":\"2026-01-12T14:22:59+00:00\",\"dateModified\":\"2026-01-20T14:58:35+00:00\",\"description\":\"Vom klassischen Obstbrand und Fruchtsaftlik\u00f6r der Marke L\u00d6RCH, \u00fcber NEEDLE BLACK FOREST Gin, bis hin zu WOOD STORK Spiced Rum und EVERMANN Whisky: Wir verbinden frische Ideen und Inspirationen aus der ganzen Welt mit der traditionellen Destillationskunst des Schwarzwalds.\",\"breadcrumb\":{\"@id\":\"https:\/\/bimmerle.de\/en\/brands\/label-5\/#breadcrumb\"},\"inLanguage\":\"en-US\",\"potentialAction\":[{\"@type\":\"ReadAction\",\"target\":[\"https:\/\/bimmerle.de\/en\/brands\/label-5\/\"]}]},{\"@type\":\"BreadcrumbList\",\"@id\":\"https:\/\/bimmerle.de\/en\/brands\/label-5\/#breadcrumb\",\"itemListElement\":[{\"@type\":\"ListItem\",\"position\":1,\"name\":\"Startseite\",\"item\":\"https:\/\/bimmerle.de\/en\/\"},{\"@type\":\"ListItem\",\"position\":2,\"name\":\"Brands\",\"item\":\"https:\/\/bimmerle.de\/en\/brands\/\"},{\"@type\":\"ListItem\",\"position\":3,\"name\":\"Label 5\"}]},{\"@type\":\"WebSite\",\"@id\":\"https:\/\/bimmerle.de\/en\/#website\",\"url\":\"https:\/\/bimmerle.de\/en\/\",\"name\":\"Bimmerle KG\",\"description\":\"Spirits &amp; Brands\",\"publisher\":{\"@id\":\"https:\/\/bimmerle.de\/en\/#organization\"},\"potentialAction\":[{\"@type\":\"SearchAction\",\"target\":{\"@type\":\"EntryPoint\",\"urlTemplate\":\"https:\/\/bimmerle.de\/en\/?s={search_term_string}\"},\"query-input\":{\"@type\":\"PropertyValueSpecification\",\"valueRequired\":true,\"valueName\":\"search_term_string\"}}],\"inLanguage\":\"en-US\"},{\"@type\":\"Organization\",\"@id\":\"https:\/\/bimmerle.de\/en\/#organization\",\"name\":\"Bimmerle KG\",\"url\":\"https:\/\/bimmerle.de\/en\/\",\"logo\":{\"@type\":\"ImageObject\",\"inLanguage\":\"en-US\",\"@id\":\"https:\/\/bimmerle.de\/en\/#\/schema\/logo\/image\/\",\"url\":\"https:\/\/bimmerle.de\/wp-content\/uploads\/2024\/01\/bimmerle-private-distillery_logo.svg\",\"contentUrl\":\"https:\/\/bimmerle.de\/wp-content\/uploads\/2024\/01\/bimmerle-private-distillery_logo.svg\",\"width\":\"1024\",\"height\":\"1024\",\"caption\":\"Bimmerle KG\"},\"image\":{\"@id\":\"https:\/\/bimmerle.de\/en\/#\/schema\/logo\/image\/\"},\"sameAs\":[\"https:\/\/www.instagram.com\/bimmerle.private.distillery\/\",\"https:\/\/de.linkedin.com\/company\/bimmerle-kg\"]}]}<\/script>\n<!-- \/ Yoast SEO plugin. -->","yoast_head_json":{"title":"Label 5 - Bimmerle KG","description":"Vom klassischen Obstbrand und Fruchtsaftlik\u00f6r der Marke L\u00d6RCH, \u00fcber NEEDLE BLACK FOREST Gin, bis hin zu WOOD STORK Spiced Rum und EVERMANN Whisky: Wir verbinden frische Ideen und Inspirationen aus der ganzen Welt mit der traditionellen Destillationskunst des Schwarzwalds.","robots":{"index":"index","follow":"follow","max-snippet":"max-snippet:-1","max-image-preview":"max-image-preview:large","max-video-preview":"max-video-preview:-1"},"canonical":"https:\/\/bimmerle.de\/en\/brands\/label-5\/","og_locale":"en_US","og_type":"article","og_title":"Label 5 - Bimmerle KG","og_description":"Vom klassischen Obstbrand und Fruchtsaftlik\u00f6r der Marke L\u00d6RCH, \u00fcber NEEDLE BLACK FOREST Gin, bis hin zu WOOD STORK Spiced Rum und EVERMANN Whisky: Wir verbinden frische Ideen und Inspirationen aus der ganzen Welt mit der traditionellen Destillationskunst des Schwarzwalds.","og_url":"https:\/\/bimmerle.de\/en\/brands\/label-5\/","og_site_name":"Bimmerle KG","article_modified_time":"2026-01-20T14:58:35+00:00","og_image":[{"width":2518,"height":1512,"url":"https:\/\/bimmerle.de\/wp-content\/uploads\/2024\/03\/bimmerle_open_graph.webp","type":"image\/webp"}],"twitter_card":"summary_large_image","twitter_misc":{"Est. reading time":"4 minutes"},"schema":{"@context":"https:\/\/schema.org","@graph":[{"@type":"WebPage","@id":"https:\/\/bimmerle.de\/en\/brands\/label-5\/","url":"https:\/\/bimmerle.de\/en\/brands\/label-5\/","name":"Label 5 - Bimmerle KG","isPartOf":{"@id":"https:\/\/bimmerle.de\/en\/#website"},"datePublished":"2026-01-12T14:22:59+00:00","dateModified":"2026-01-20T14:58:35+00:00","description":"Vom klassischen Obstbrand und Fruchtsaftlik\u00f6r der Marke L\u00d6RCH, \u00fcber NEEDLE BLACK FOREST Gin, bis hin zu WOOD STORK Spiced Rum und EVERMANN Whisky: Wir verbinden frische Ideen und Inspirationen aus der ganzen Welt mit der traditionellen Destillationskunst des Schwarzwalds.","breadcrumb":{"@id":"https:\/\/bimmerle.de\/en\/brands\/label-5\/#breadcrumb"},"inLanguage":"en-US","potentialAction":[{"@type":"ReadAction","target":["https:\/\/bimmerle.de\/en\/brands\/label-5\/"]}]},{"@type":"BreadcrumbList","@id":"https:\/\/bimmerle.de\/en\/brands\/label-5\/#breadcrumb","itemListElement":[{"@type":"ListItem","position":1,"name":"Startseite","item":"https:\/\/bimmerle.de\/en\/"},{"@type":"ListItem","position":2,"name":"Brands","item":"https:\/\/bimmerle.de\/en\/brands\/"},{"@type":"ListItem","position":3,"name":"Label 5"}]},{"@type":"WebSite","@id":"https:\/\/bimmerle.de\/en\/#website","url":"https:\/\/bimmerle.de\/en\/","name":"Bimmerle KG","description":"Spirits &amp; Brands","publisher":{"@id":"https:\/\/bimmerle.de\/en\/#organization"},"potentialAction":[{"@type":"SearchAction","target":{"@type":"EntryPoint","urlTemplate":"https:\/\/bimmerle.de\/en\/?s={search_term_string}"},"query-input":{"@type":"PropertyValueSpecification","valueRequired":true,"valueName":"search_term_string"}}],"inLanguage":"en-US"},{"@type":"Organization","@id":"https:\/\/bimmerle.de\/en\/#organization","name":"Bimmerle KG","url":"https:\/\/bimmerle.de\/en\/","logo":{"@type":"ImageObject","inLanguage":"en-US","@id":"https:\/\/bimmerle.de\/en\/#\/schema\/logo\/image\/","url":"https:\/\/bimmerle.de\/wp-content\/uploads\/2024\/01\/bimmerle-private-distillery_logo.svg","contentUrl":"https:\/\/bimmerle.de\/wp-content\/uploads\/2024\/01\/bimmerle-private-distillery_logo.svg","width":"1024","height":"1024","caption":"Bimmerle KG"},"image":{"@id":"https:\/\/bimmerle.de\/en\/#\/schema\/logo\/image\/"},"sameAs":["https:\/\/www.instagram.com\/bimmerle.private.distillery\/","https:\/\/de.linkedin.com\/company\/bimmerle-kg"]}]}},"_links":{"self":[{"href":"https:\/\/bimmerle.de\/en\/wp-json\/wp\/v2\/pages\/20908","targetHints":{"allow":["GET"]}}],"collection":[{"href":"https:\/\/bimmerle.de\/en\/wp-json\/wp\/v2\/pages"}],"about":[{"href":"https:\/\/bimmerle.de\/en\/wp-json\/wp\/v2\/types\/page"}],"author":[{"embeddable":true,"href":"https:\/\/bimmerle.de\/en\/wp-json\/wp\/v2\/users\/1"}],"replies":[{"embeddable":true,"href":"https:\/\/bimmerle.de\/en\/wp-json\/wp\/v2\/comments?post=20908"}],"version-history":[{"count":1,"href":"https:\/\/bimmerle.de\/en\/wp-json\/wp\/v2\/pages\/20908\/revisions"}],"predecessor-version":[{"id":20909,"href":"https:\/\/bimmerle.de\/en\/wp-json\/wp\/v2\/pages\/20908\/revisions\/20909"}],"up":[{"embeddable":true,"href":"https:\/\/bimmerle.de\/en\/wp-json\/wp\/v2\/pages\/1888"}],"wp:attachment":[{"href":"https:\/\/bimmerle.de\/en\/wp-json\/wp\/v2\/media?parent=20908"}],"curies":[{"name":"wp","href":"https:\/\/api.w.org\/{rel}","templated":true}]}}