{"id":20787,"date":"2026-01-12T12:53:51","date_gmt":"2026-01-12T11:53:51","guid":{"rendered":"https:\/\/bimmerle.de\/brands\/tanners-creek\/"},"modified":"2026-02-10T11:12:18","modified_gmt":"2026-02-10T10:12:18","slug":"tanners-creek","status":"publish","type":"page","link":"https:\/\/bimmerle.de\/en\/brands\/tanners-creek\/","title":{"rendered":"Tanners Creek"},"content":{"rendered":"<section class=\"l-section wpb_row tanners_hero height_medium full_height valign_center with_img parallax_ver\"><div class=\"l-section-img\" role=\"img\" aria-label=\"Image\" data-img-width=\"2560\" data-img-height=\"1712\" style=\"background-image: url(https:\/\/bimmerle.de\/wp-content\/uploads\/2026\/01\/shutterstock_1665711028-scaled.jpg);\"><\/div><div class=\"l-section-h i-cf\"><div class=\"g-cols vc_row via_flex valign_middle type_default stacking_default\"><div class=\"vc_col-sm-12 wpb_column vc_column_container\"><div class=\"vc_column-inner\"><div class=\"wpb_wrapper\"><div class=\"w-image us_custom_fd69c0f8 is-dark has_height align_center\"><div class=\"w-image-h\"><img decoding=\"async\" width=\"248\" height=\"786\" src=\"https:\/\/bimmerle.de\/wp-content\/uploads\/2026\/01\/Tanners_Creek_front-neu.webp\" class=\"attachment-full size-full\" alt=\"\" loading=\"lazy\" srcset=\"https:\/\/bimmerle.de\/wp-content\/uploads\/2026\/01\/Tanners_Creek_front-neu.webp 248w, https:\/\/bimmerle.de\/wp-content\/uploads\/2026\/01\/Tanners_Creek_front-neu-95x300.webp 95w\" sizes=\"auto, (max-width: 248px) 100vw, 248px\" \/><\/div><\/div><\/div><\/div><\/div><\/div><\/div><\/section><section class=\"l-section wpb_row height_auto with_img\"><div class=\"l-section-img\" role=\"img\" aria-label=\"Image\" data-img-width=\"2560\" data-img-height=\"1440\" style=\"background-image: url(https:\/\/bimmerle.de\/wp-content\/uploads\/2024\/03\/needle_forest-scaled.webp);background-repeat: no-repeat;\"><\/div><div class=\"l-section-overlay\" style=\"background:linear-gradient(180deg,#ffffff,rgba(255,255,255,0.5544921875))\"><\/div><div class=\"l-section-h i-cf\"><div class=\"g-cols vc_row via_flex valign_middle type_default reversed stacking_default\"><div class=\"vc_col-sm-6 wpb_column vc_column_container stretched\"><div class=\"vc_column-inner us_custom_703a2e18\"><div class=\"wpb_wrapper\"><div data-us-scroll=\"{&quot;from_initial_position&quot;:&quot;0&quot;,&quot;start_position&quot;:&quot;-50%&quot;,&quot;end_position&quot;:&quot;50%&quot;,&quot;delay&quot;:&quot;0.1s&quot;,&quot;translate_y_direction&quot;:&quot;up&quot;,&quot;translate_y_speed&quot;:&quot;0.4x&quot;}\" class=\"w-image us_custom_60e9caca us_animate_this has_scroll_effects has_translate_y align_center\"><div class=\"w-image-h\"><img decoding=\"async\" width=\"1024\" height=\"1024\" src=\"https:\/\/bimmerle.de\/wp-content\/uploads\/2026\/01\/TannersCreek_Zeichnungen_Adler_01.svg\" class=\"attachment-large size-large\" alt=\"\" loading=\"lazy\" \/><\/div><\/div><\/div><\/div><\/div><div class=\"vc_col-sm-6 wpb_column vc_column_container\"><div class=\"vc_column-inner\"><div class=\"wpb_wrapper\"><div class=\"w-separator size_huge\"><\/div><div class=\"wpb_text_column us_custom_c2b138fb\"><div class=\"wpb_wrapper\"><div class=\"page\" title=\"Page 8\">\n<div class=\"layoutArea\">\n<div class=\"column\">\n<div class=\"page\" title=\"Page 8\">\n<div class=\"layoutArea\">\n<div class=\"column\">\n<p data-start=\"103\" data-end=\"329\"><span data-olk-copy-source=\"MessageBody\">A bourbon born by the river and shaped by time: <strong>Tanner\u2019s Creek<\/strong>. For more than 170 years, whiskey has been distilled in Lawrenceburg, Indiana. The name stands for tradition, craftsmanship, and the water that defines this bourbon.<\/span><\/p>\n<p data-start=\"331\" data-end=\"569\" data-is-last-node=\"\" data-is-only-node=\"\"><span data-olk-copy-source=\"MessageBody\">An underground aquifer provides the mineral-rich source that gives Tanner\u2019s Creek its clarity and depth. Gentle notes of caramel, rye spice, and a hint of cinnamon create a harmonious, well-balanced taste.<\/span><\/p>\n<\/div>\n<\/div>\n<\/div>\n<\/div>\n<\/div>\n<\/div>\n<\/div><\/div><div class=\"w-separator size_huge\"><\/div><\/div><\/div><\/div><\/div><\/div><\/section><section class=\"l-section wpb_row height_auto width_full\"><div class=\"l-section-h i-cf\"><div class=\"g-cols vc_row via_flex valign_top type_default stacking_default\"><div class=\"vc_col-sm-12 wpb_column vc_column_container\"><div class=\"vc_column-inner\"><div class=\"wpb_wrapper\"><div class=\"w-html\"><div class='tanners_slider'>\n\n    <!-- Slider main container -->\n    <div class=\"swiper tanners_swiper\">\n        <div class=\"swiper-bg\">\n            <div class=\"swiper-bg-left\">\n                <div class=\"thumb_container\">\n                    <div thumbsSlider=\"\" class=\"swiper tanners_thumb_swiper\">\n                        <div class=\"swiper-wrapper\">\n                                                            <div class=\"swiper-slide\">\n                                    <img decoding=\"async\" class=\"swiper-thumb-image\" src=\"https:\/\/bimmerle.de\/wp-content\/themes\/Impreza-child\/custom_elements\/tanners_slider\/img\/Tanners_Creek_front neu.webp\">\n                                <\/div>\n                                                    <\/div>\n\n                    <\/div>\n                <\/div>\n            <\/div>\n\n            <div class=\"swiper-bg-right\">\n                <img decoding=\"async\" class=\"swiper-bg-image\" src=\"https:\/\/bimmerle.de\/wp-content\/themes\/Impreza-child\/custom_elements\/tanners_slider\/img\/shutterstock_1665711028.jpg\">\n                <!-- <img decoding=\"async\" class=\"swiper-bg-supersign\" src=\"https:\/\/bimmerle.de\/wp-content\/themes\/Impreza-child\/custom_elements\/tanners_slider\/img\/TannersCreek_Zeichnungen_Siegel.svg\"> -->\n                <div class=\"swiper-bg-content-wrapper\">\n                    <h3>\n                        You\u2019ll know what we mean when you <br><b>taste it<\/b>                    <\/h3>\n                <\/div>\n            <\/div>\n\n        <\/div>\n        <!-- Additional required wrapper -->\n        <div class=\"swiper-wrapper tanners_swiper-wrapper\">\n            <!-- Slides -->\n                            <div class=\"swiper-slide\" data-hash=\"tanners-creek\">\n                    <div class=\"swiper-slide-left\">\n                        <div class=\"swiper-left-content-wrapper\">\n                            <h4 data-swiper-parallax=\"-500\">Indiana Straight Bourbon Whisky <\/h4>\n                            <h2 data-swiper-parallax=\"-400\">Tanners Creek<\/h2>\n                            <p data-swiper-parallax=\"-300\">\n                                Tanner\u2019s Creek combines American whiskey tradition with a contemporary appearance, offered in the proven 1.0 L                            <\/p>\n                            <div class=\"slide-facts\" data-swiper-parallax=\"-200\" data-swiper-parallax-opacity=\"0\">\n                                                                    <div class=\"slide-fact-single\">\n                                        Exceptional taste                                    <\/div>\n                                                                    <div class=\"slide-fact-single\">\n                                        original U.S. import                                    <\/div>\n                                                                    <div class=\"slide-fact-single\">\n                                        eye-catching design                                    <\/div>\n                                                                    <div class=\"slide-fact-single\">\n                                        origin, tradition, and craftsmanship                                    <\/div>\n                                                            <\/div>\n                            \n                            <!-- <a class=\"w-btn us-btn-style_1\" target=\"_blank\" style=\"margin: 0 auto\" data-swiper-parallax=\"-100\" href=\"\"><span class=\"w-btn-label\">View in Shop                                <\/span><\/a> -->\n                        <\/div>\n                    <\/div>\n                    <div class=\"swiper-slide-right\">\n                        <img decoding=\"async\" class=\"swiper-slide-image\" data-swiper-parallax=\"400\" data-swiper-parallax-opacity=\"0\" src=\"https:\/\/bimmerle.de\/wp-content\/themes\/Impreza-child\/custom_elements\/tanners_slider\/img\/Tanners_Creek_front neu.webp\">\n                    <\/div>\n                <\/div>\n            \n        <\/div>\n        <!-- If we need pagination -->\n        <!-- <div class=\" swiper-pagination\">\n        <\/div> -->\n\n        <!-- If we need navigation buttons -->\n        <div class=\"swiper-button-prev\"><\/div>\n        <div class=\"swiper-button-next\"><\/div>\n\n        <!-- If we need scrollbar -->\n        <!-- <div class=\"swiper-scrollbar\"><\/div> -->\n    <\/div>\n\n<\/div><\/div><\/div><\/div><\/div><\/div><\/div><\/section><section class=\"l-section wpb_row height_medium width_custom\" style=\"--site-content-width:1600px;\"><div class=\"l-section-h i-cf\"><div class=\"g-cols vc_row via_flex valign_top type_default stacking_default\"><div class=\"vc_col-sm-12 wpb_column vc_column_container\"><div class=\"vc_column-inner\"><div class=\"wpb_wrapper\"><div class=\"w-grid us_post_carousel product_gallerie_s type_carousel layout_gallery_default preload_style_spinner items_3 ratio_1x1\" id=\"us_post_list_nb4d\" style=\"--items:3;--gap:1.5rem;--item-ratio:1;\"><style>.layout_gallery_default .w-grid-item-h{}<\/style><div class=\"w-grid-list owl-carousel valign_stretch dotstyle_circle navstyle_circle arrows-ver-pos_middle arrows-hor-pos_on_sides_outside arrows-disabled_hide owl-responsive-2000 with_dots with_arrows\" style=\"--transition-duration:350ms;--arrows-size:1.5rem;--arrows-gap:10px;\">\t<article class=\"w-grid-item size_1x1 post-21096 attachment type-attachment status-inherit hentry\" data-id=\"21096\">\r\n\t\t<div class=\"w-grid-item-h\">\r\n\t\t\t\t\t\t<div class=\"w-post-elm post_image usg_post_image_1 stretched\"><img loading=\"lazy\" decoding=\"async\" width=\"683\" height=\"1024\" src=\"https:\/\/bimmerle.de\/wp-content\/uploads\/2026\/02\/TannersCreek_Holz_Feder-683x1024.jpg\" class=\"attachment-large size-large\" alt=\"\" srcset=\"https:\/\/bimmerle.de\/wp-content\/uploads\/2026\/02\/TannersCreek_Holz_Feder-683x1024.jpg 683w, https:\/\/bimmerle.de\/wp-content\/uploads\/2026\/02\/TannersCreek_Holz_Feder-200x300.jpg 200w, https:\/\/bimmerle.de\/wp-content\/uploads\/2026\/02\/TannersCreek_Holz_Feder-scaled.jpg 1707w\" sizes=\"auto, (max-width: 683px) 100vw, 683px\" \/><\/div>\t\t<\/div>\r\n\t\t\t<\/article>\r\n\t<article class=\"w-grid-item size_1x1 post-21098 attachment type-attachment status-inherit hentry\" data-id=\"21098\">\r\n\t\t<div class=\"w-grid-item-h\">\r\n\t\t\t\t\t\t<div class=\"w-post-elm post_image usg_post_image_1 stretched\"><img loading=\"lazy\" decoding=\"async\" width=\"1024\" height=\"683\" src=\"https:\/\/bimmerle.de\/wp-content\/uploads\/2026\/02\/TannersCreek_Holz_Licht-1024x683.jpg\" class=\"attachment-large size-large\" alt=\"\" srcset=\"https:\/\/bimmerle.de\/wp-content\/uploads\/2026\/02\/TannersCreek_Holz_Licht-1024x683.jpg 1024w, https:\/\/bimmerle.de\/wp-content\/uploads\/2026\/02\/TannersCreek_Holz_Licht-300x200.jpg 300w\" sizes=\"auto, (max-width: 1024px) 100vw, 1024px\" \/><\/div>\t\t<\/div>\r\n\t\t\t<\/article>\r\n\t<article class=\"w-grid-item size_1x1 post-21100 attachment type-attachment status-inherit hentry\" data-id=\"21100\">\r\n\t\t<div class=\"w-grid-item-h\">\r\n\t\t\t\t\t\t<div class=\"w-post-elm post_image usg_post_image_1 stretched\"><img loading=\"lazy\" decoding=\"async\" width=\"1024\" height=\"683\" src=\"https:\/\/bimmerle.de\/wp-content\/uploads\/2026\/02\/TannersCreek_Holz_Licht_Drink-1024x683.jpg\" class=\"attachment-large size-large\" alt=\"\" srcset=\"https:\/\/bimmerle.de\/wp-content\/uploads\/2026\/02\/TannersCreek_Holz_Licht_Drink-1024x683.jpg 1024w, https:\/\/bimmerle.de\/wp-content\/uploads\/2026\/02\/TannersCreek_Holz_Licht_Drink-300x200.jpg 300w\" sizes=\"auto, (max-width: 1024px) 100vw, 1024px\" \/><\/div>\t\t<\/div>\r\n\t\t\t<\/article>\r\n\t<article class=\"w-grid-item size_1x1 post-21102 attachment type-attachment status-inherit hentry\" data-id=\"21102\">\r\n\t\t<div class=\"w-grid-item-h\">\r\n\t\t\t\t\t\t<div class=\"w-post-elm post_image usg_post_image_1 stretched\"><img loading=\"lazy\" decoding=\"async\" width=\"1024\" height=\"683\" src=\"https:\/\/bimmerle.de\/wp-content\/uploads\/2026\/02\/TannersCreek_Mais-1024x683.jpg\" class=\"attachment-large size-large\" alt=\"\" srcset=\"https:\/\/bimmerle.de\/wp-content\/uploads\/2026\/02\/TannersCreek_Mais-1024x683.jpg 1024w, https:\/\/bimmerle.de\/wp-content\/uploads\/2026\/02\/TannersCreek_Mais-300x200.jpg 300w\" sizes=\"auto, (max-width: 1024px) 100vw, 1024px\" \/><\/div>\t\t<\/div>\r\n\t\t\t<\/article>\r\n<\/div><div class=\"w-grid-carousel-json hidden\" onclick='return {&quot;carousel_settings&quot;:{&quot;aria_labels&quot;:{&quot;prev&quot;:&quot;Previous&quot;,&quot;next&quot;:&quot;Next&quot;},&quot;autoplayContinual&quot;:false,&quot;autoplayHoverPause&quot;:true,&quot;autoplayTimeout&quot;:3000,&quot;autoWidth&quot;:false,&quot;smartSpeed&quot;:350,&quot;margin&quot;:0,&quot;mouseDrag&quot;:true,&quot;rtl&quot;:false,&quot;slideBy&quot;:&quot;1&quot;,&quot;touchDrag&quot;:true,&quot;slideTransition&quot;:&quot;&quot;,&quot;responsive&quot;:{&quot;0&quot;:{&quot;autoHeight&quot;:false,&quot;autoplay&quot;:false,&quot;autoWidth&quot;:false,&quot;center&quot;:false,&quot;dots&quot;:false,&quot;items&quot;:1,&quot;loop&quot;:false,&quot;nav&quot;:false,&quot;stagePadding&quot;:0,&quot;slideBy&quot;:&quot;1&quot;},&quot;601&quot;:{&quot;items&quot;:3,&quot;autoplay&quot;:true,&quot;center&quot;:false,&quot;dots&quot;:true,&quot;nav&quot;:true,&quot;autoHeight&quot;:false,&quot;autoWidth&quot;:false,&quot;loop&quot;:false,&quot;stagePadding&quot;:0}}}}'><\/div><\/div><\/div><\/div><\/div><\/div><\/div><\/section>\n","protected":false},"excerpt":{"rendered":"","protected":false},"author":1,"featured_media":0,"parent":1888,"menu_order":0,"comment_status":"closed","ping_status":"closed","template":"","meta":{"_acf_changed":false,"footnotes":""},"class_list":["post-20787","page","type-page","status-publish","hentry"],"acf":[],"yoast_head":"<!-- This site is optimized with the Yoast SEO plugin v26.8 - https:\/\/yoast.com\/product\/yoast-seo-wordpress\/ -->\n<title>Tanners Creek - Bimmerle KG<\/title>\n<meta name=\"description\" content=\"Vom klassischen Obstbrand und Fruchtsaftlik\u00f6r der Marke L\u00d6RCH, \u00fcber NEEDLE BLACK FOREST Gin, bis hin zu WOOD STORK Spiced Rum und EVERMANN Whisky: Wir verbinden frische Ideen und Inspirationen aus der ganzen Welt mit der traditionellen Destillationskunst des Schwarzwalds.\" \/>\n<meta name=\"robots\" content=\"index, follow, max-snippet:-1, max-image-preview:large, max-video-preview:-1\" \/>\n<link rel=\"canonical\" href=\"https:\/\/bimmerle.de\/en\/brands\/tanners-creek\/\" \/>\n<meta property=\"og:locale\" content=\"en_US\" \/>\n<meta property=\"og:type\" content=\"article\" \/>\n<meta property=\"og:title\" content=\"Tanners Creek - Bimmerle KG\" \/>\n<meta property=\"og:description\" content=\"Vom klassischen Obstbrand und Fruchtsaftlik\u00f6r der Marke L\u00d6RCH, \u00fcber NEEDLE BLACK FOREST Gin, bis hin zu WOOD STORK Spiced Rum und EVERMANN Whisky: Wir verbinden frische Ideen und Inspirationen aus der ganzen Welt mit der traditionellen Destillationskunst des Schwarzwalds.\" \/>\n<meta property=\"og:url\" content=\"https:\/\/bimmerle.de\/en\/brands\/tanners-creek\/\" \/>\n<meta property=\"og:site_name\" content=\"Bimmerle KG\" \/>\n<meta property=\"article:modified_time\" content=\"2026-02-10T10:12:18+00:00\" \/>\n<meta property=\"og:image\" content=\"https:\/\/bimmerle.de\/wp-content\/uploads\/2024\/03\/bimmerle_open_graph.webp\" \/>\n\t<meta property=\"og:image:width\" content=\"2518\" \/>\n\t<meta property=\"og:image:height\" content=\"1512\" \/>\n\t<meta property=\"og:image:type\" content=\"image\/webp\" \/>\n<meta name=\"twitter:card\" content=\"summary_large_image\" \/>\n<meta name=\"twitter:label1\" content=\"Est. reading time\" \/>\n\t<meta name=\"twitter:data1\" content=\"5 minutes\" \/>\n<script type=\"application\/ld+json\" class=\"yoast-schema-graph\">{\"@context\":\"https:\/\/schema.org\",\"@graph\":[{\"@type\":\"WebPage\",\"@id\":\"https:\/\/bimmerle.de\/en\/brands\/tanners-creek\/\",\"url\":\"https:\/\/bimmerle.de\/en\/brands\/tanners-creek\/\",\"name\":\"Tanners Creek - Bimmerle KG\",\"isPartOf\":{\"@id\":\"https:\/\/bimmerle.de\/en\/#website\"},\"datePublished\":\"2026-01-12T11:53:51+00:00\",\"dateModified\":\"2026-02-10T10:12:18+00:00\",\"description\":\"Vom klassischen Obstbrand und Fruchtsaftlik\u00f6r der Marke L\u00d6RCH, \u00fcber NEEDLE BLACK FOREST Gin, bis hin zu WOOD STORK Spiced Rum und EVERMANN Whisky: Wir verbinden frische Ideen und Inspirationen aus der ganzen Welt mit der traditionellen Destillationskunst des Schwarzwalds.\",\"breadcrumb\":{\"@id\":\"https:\/\/bimmerle.de\/en\/brands\/tanners-creek\/#breadcrumb\"},\"inLanguage\":\"en-US\",\"potentialAction\":[{\"@type\":\"ReadAction\",\"target\":[\"https:\/\/bimmerle.de\/en\/brands\/tanners-creek\/\"]}]},{\"@type\":\"BreadcrumbList\",\"@id\":\"https:\/\/bimmerle.de\/en\/brands\/tanners-creek\/#breadcrumb\",\"itemListElement\":[{\"@type\":\"ListItem\",\"position\":1,\"name\":\"Startseite\",\"item\":\"https:\/\/bimmerle.de\/en\/\"},{\"@type\":\"ListItem\",\"position\":2,\"name\":\"Brands\",\"item\":\"https:\/\/bimmerle.de\/en\/brands\/\"},{\"@type\":\"ListItem\",\"position\":3,\"name\":\"Tanners Creek\"}]},{\"@type\":\"WebSite\",\"@id\":\"https:\/\/bimmerle.de\/en\/#website\",\"url\":\"https:\/\/bimmerle.de\/en\/\",\"name\":\"Bimmerle KG\",\"description\":\"Spirits &amp; Brands\",\"publisher\":{\"@id\":\"https:\/\/bimmerle.de\/en\/#organization\"},\"potentialAction\":[{\"@type\":\"SearchAction\",\"target\":{\"@type\":\"EntryPoint\",\"urlTemplate\":\"https:\/\/bimmerle.de\/en\/?s={search_term_string}\"},\"query-input\":{\"@type\":\"PropertyValueSpecification\",\"valueRequired\":true,\"valueName\":\"search_term_string\"}}],\"inLanguage\":\"en-US\"},{\"@type\":\"Organization\",\"@id\":\"https:\/\/bimmerle.de\/en\/#organization\",\"name\":\"Bimmerle KG\",\"url\":\"https:\/\/bimmerle.de\/en\/\",\"logo\":{\"@type\":\"ImageObject\",\"inLanguage\":\"en-US\",\"@id\":\"https:\/\/bimmerle.de\/en\/#\/schema\/logo\/image\/\",\"url\":\"https:\/\/bimmerle.de\/wp-content\/uploads\/2024\/01\/bimmerle-private-distillery_logo.svg\",\"contentUrl\":\"https:\/\/bimmerle.de\/wp-content\/uploads\/2024\/01\/bimmerle-private-distillery_logo.svg\",\"width\":\"1024\",\"height\":\"1024\",\"caption\":\"Bimmerle KG\"},\"image\":{\"@id\":\"https:\/\/bimmerle.de\/en\/#\/schema\/logo\/image\/\"},\"sameAs\":[\"https:\/\/www.instagram.com\/bimmerle.private.distillery\/\",\"https:\/\/de.linkedin.com\/company\/bimmerle-kg\"]}]}<\/script>\n<!-- \/ Yoast SEO plugin. -->","yoast_head_json":{"title":"Tanners Creek - Bimmerle KG","description":"Vom klassischen Obstbrand und Fruchtsaftlik\u00f6r der Marke L\u00d6RCH, \u00fcber NEEDLE BLACK FOREST Gin, bis hin zu WOOD STORK Spiced Rum und EVERMANN Whisky: Wir verbinden frische Ideen und Inspirationen aus der ganzen Welt mit der traditionellen Destillationskunst des Schwarzwalds.","robots":{"index":"index","follow":"follow","max-snippet":"max-snippet:-1","max-image-preview":"max-image-preview:large","max-video-preview":"max-video-preview:-1"},"canonical":"https:\/\/bimmerle.de\/en\/brands\/tanners-creek\/","og_locale":"en_US","og_type":"article","og_title":"Tanners Creek - Bimmerle KG","og_description":"Vom klassischen Obstbrand und Fruchtsaftlik\u00f6r der Marke L\u00d6RCH, \u00fcber NEEDLE BLACK FOREST Gin, bis hin zu WOOD STORK Spiced Rum und EVERMANN Whisky: Wir verbinden frische Ideen und Inspirationen aus der ganzen Welt mit der traditionellen Destillationskunst des Schwarzwalds.","og_url":"https:\/\/bimmerle.de\/en\/brands\/tanners-creek\/","og_site_name":"Bimmerle KG","article_modified_time":"2026-02-10T10:12:18+00:00","og_image":[{"width":2518,"height":1512,"url":"https:\/\/bimmerle.de\/wp-content\/uploads\/2024\/03\/bimmerle_open_graph.webp","type":"image\/webp"}],"twitter_card":"summary_large_image","twitter_misc":{"Est. reading time":"5 minutes"},"schema":{"@context":"https:\/\/schema.org","@graph":[{"@type":"WebPage","@id":"https:\/\/bimmerle.de\/en\/brands\/tanners-creek\/","url":"https:\/\/bimmerle.de\/en\/brands\/tanners-creek\/","name":"Tanners Creek - Bimmerle KG","isPartOf":{"@id":"https:\/\/bimmerle.de\/en\/#website"},"datePublished":"2026-01-12T11:53:51+00:00","dateModified":"2026-02-10T10:12:18+00:00","description":"Vom klassischen Obstbrand und Fruchtsaftlik\u00f6r der Marke L\u00d6RCH, \u00fcber NEEDLE BLACK FOREST Gin, bis hin zu WOOD STORK Spiced Rum und EVERMANN Whisky: Wir verbinden frische Ideen und Inspirationen aus der ganzen Welt mit der traditionellen Destillationskunst des Schwarzwalds.","breadcrumb":{"@id":"https:\/\/bimmerle.de\/en\/brands\/tanners-creek\/#breadcrumb"},"inLanguage":"en-US","potentialAction":[{"@type":"ReadAction","target":["https:\/\/bimmerle.de\/en\/brands\/tanners-creek\/"]}]},{"@type":"BreadcrumbList","@id":"https:\/\/bimmerle.de\/en\/brands\/tanners-creek\/#breadcrumb","itemListElement":[{"@type":"ListItem","position":1,"name":"Startseite","item":"https:\/\/bimmerle.de\/en\/"},{"@type":"ListItem","position":2,"name":"Brands","item":"https:\/\/bimmerle.de\/en\/brands\/"},{"@type":"ListItem","position":3,"name":"Tanners Creek"}]},{"@type":"WebSite","@id":"https:\/\/bimmerle.de\/en\/#website","url":"https:\/\/bimmerle.de\/en\/","name":"Bimmerle KG","description":"Spirits &amp; Brands","publisher":{"@id":"https:\/\/bimmerle.de\/en\/#organization"},"potentialAction":[{"@type":"SearchAction","target":{"@type":"EntryPoint","urlTemplate":"https:\/\/bimmerle.de\/en\/?s={search_term_string}"},"query-input":{"@type":"PropertyValueSpecification","valueRequired":true,"valueName":"search_term_string"}}],"inLanguage":"en-US"},{"@type":"Organization","@id":"https:\/\/bimmerle.de\/en\/#organization","name":"Bimmerle KG","url":"https:\/\/bimmerle.de\/en\/","logo":{"@type":"ImageObject","inLanguage":"en-US","@id":"https:\/\/bimmerle.de\/en\/#\/schema\/logo\/image\/","url":"https:\/\/bimmerle.de\/wp-content\/uploads\/2024\/01\/bimmerle-private-distillery_logo.svg","contentUrl":"https:\/\/bimmerle.de\/wp-content\/uploads\/2024\/01\/bimmerle-private-distillery_logo.svg","width":"1024","height":"1024","caption":"Bimmerle KG"},"image":{"@id":"https:\/\/bimmerle.de\/en\/#\/schema\/logo\/image\/"},"sameAs":["https:\/\/www.instagram.com\/bimmerle.private.distillery\/","https:\/\/de.linkedin.com\/company\/bimmerle-kg"]}]}},"_links":{"self":[{"href":"https:\/\/bimmerle.de\/en\/wp-json\/wp\/v2\/pages\/20787","targetHints":{"allow":["GET"]}}],"collection":[{"href":"https:\/\/bimmerle.de\/en\/wp-json\/wp\/v2\/pages"}],"about":[{"href":"https:\/\/bimmerle.de\/en\/wp-json\/wp\/v2\/types\/page"}],"author":[{"embeddable":true,"href":"https:\/\/bimmerle.de\/en\/wp-json\/wp\/v2\/users\/1"}],"replies":[{"embeddable":true,"href":"https:\/\/bimmerle.de\/en\/wp-json\/wp\/v2\/comments?post=20787"}],"version-history":[{"count":7,"href":"https:\/\/bimmerle.de\/en\/wp-json\/wp\/v2\/pages\/20787\/revisions"}],"predecessor-version":[{"id":20791,"href":"https:\/\/bimmerle.de\/en\/wp-json\/wp\/v2\/pages\/20787\/revisions\/20791"}],"up":[{"embeddable":true,"href":"https:\/\/bimmerle.de\/en\/wp-json\/wp\/v2\/pages\/1888"}],"wp:attachment":[{"href":"https:\/\/bimmerle.de\/en\/wp-json\/wp\/v2\/media?parent=20787"}],"curies":[{"name":"wp","href":"https:\/\/api.w.org\/{rel}","templated":true}]}}