{"id":2003,"date":"2024-02-01T09:59:47","date_gmt":"2024-02-01T08:59:47","guid":{"rendered":"https:\/\/staging.bimmerle.de\/?page_id=2003"},"modified":"2024-03-08T18:24:39","modified_gmt":"2024-03-08T17:24:39","slug":"imprint","status":"publish","type":"page","link":"https:\/\/bimmerle.de\/en\/imprint\/","title":{"rendered":"Imprint"},"content":{"rendered":"<section class=\"l-section wpb_row height_medium full_height valign_center width_custom with_img\" style=\"--site-content-width:1600px;\"><div class=\"l-section-img\" role=\"img\" aria-label=\"Image\" data-img-width=\"2048\" data-img-height=\"2560\" style=\"background-image: url(https:\/\/bimmerle.de\/wp-content\/uploads\/2024\/02\/black_forest_bg_3_long-scaled.webp);background-position: top center;\"><\/div><div class=\"l-section-overlay\" style=\"background:linear-gradient(5deg,rgba(43,44,54,0.81787109375),rgba(0,0,0,0.80))\"><\/div><div class=\"l-section-h i-cf\"><div class=\"g-cols vc_row via_flex valign_top type_default stacking_default\"><div class=\"vc_col-sm-12 wpb_column vc_column_container\"><div class=\"vc_column-inner\"><div class=\"wpb_wrapper\"><div class=\"g-cols wpb_row via_flex valign_top type_default stacking_default\"><div class=\"vc_col-sm-12 wpb_column vc_column_container\"><div class=\"vc_column-inner\"><div class=\"wpb_wrapper\"><h1 class=\"w-text us_custom_a75d44e6 has_text_color\"><span class=\"w-text-h\"><span class=\"w-text-value\">Imprint<\/span><\/span><\/h1><\/div><\/div><\/div><\/div><div class=\"w-separator size_small\"><\/div><div class=\"g-cols wpb_row via_flex valign_top type_default stacking_default\"><div class=\"vc_col-sm-6 vc_col-md-9 wpb_column vc_column_container\"><div class=\"vc_column-inner\"><div class=\"wpb_wrapper\"><div class=\"wpb_text_column us_custom_ab66d5b3 has_text_color\"><div class=\"wpb_wrapper\"><p><strong>Bimmerle KG<\/strong><\/p>\n<p>Authorized partner: Schwarzw\u00e4lder Edelbranntweinbrennerei Bimmerle Verwaltungsgesellschaft mbH, Oppenau (District Court of Freiburg HRB 490470) as general partner, which in turn is represented by the managing directors Nicolai Benz, Werner Benz and Michael Dresel<\/p>\n<p>Company headquarters: Oppenau<\/p>\n<p>Business address: Weststrasse 1<br \/>\n77880 Sasbach\/Black Forest<\/p>\n<p>Commercial register: Freiburg District Court, HRA 490361<br \/>\nSales tax identification number in accordance with Section 27a UStG: DE812537690<\/p>\n<p>Responsible: Mr. Michael Dresel<\/p>\n<p>Tel.: +49 (0) 7841 | 6220-0<br \/>\nFax: +49 (0) 7841 | 6220-19<br \/>\n<a href=\"mailto:info@bimmerle.de\">E-Mail: info@bimmerle.de<\/a><\/p>\n<\/div><\/div><\/div><\/div><\/div><div class=\"vc_col-sm-6 vc_col-md-3 wpb_column vc_column_container\"><div class=\"vc_column-inner\"><div class=\"wpb_wrapper\"><div class=\"w-text us_custom_80e5d652 has_text_color\"><span class=\"w-text-h\"><span class=\"w-text-value\">Conception, design and realization<\/span><\/span><\/div><div class=\"w-image us_custom_44fb5ed0 align_none\"><a target=\"_blank\" href=\"https:\/\/medien-haus.de\" aria-label=\"Barth_logo_invertiert@3x\" class=\"w-image-h\"><img decoding=\"async\" width=\"1024\" height=\"206\" src=\"https:\/\/bimmerle.de\/wp-content\/uploads\/2024\/03\/Barth_logo_invertiert@3x-1024x206.png\" class=\"attachment-large size-large\" alt=\"\" loading=\"lazy\" srcset=\"https:\/\/bimmerle.de\/wp-content\/uploads\/2024\/03\/Barth_logo_invertiert@3x-1024x206.png 1024w, https:\/\/bimmerle.de\/wp-content\/uploads\/2024\/03\/Barth_logo_invertiert@3x-300x60.png 300w, https:\/\/bimmerle.de\/wp-content\/uploads\/2024\/03\/Barth_logo_invertiert@3x.png 1577w\" sizes=\"auto, (max-width: 1024px) 100vw, 1024px\" \/><\/a><\/div><div class=\"wpb_text_column us_custom_7f78f39f has_text_color\"><div class=\"wpb_wrapper\"><p>Barth Medienhaus GmbH<br \/>\nWolfsmatten 1<br \/>\n77955 Ettenheim<br \/>\n<a href=\"https:\/\/www.medien-haus.de\/\" target=\"_blank\" rel=\"noopener\">www.medien-haus.de<\/a><\/p>\n<\/div><\/div><\/div><\/div><\/div><\/div><\/div><\/div><\/div><\/div><\/div><\/section>\n","protected":false},"excerpt":{"rendered":"ImprintBimmerle KG Authorized partner: Schwarzw\u00e4lder Edelbranntweinbrennerei Bimmerle Verwaltungsgesellschaft mbH, Oppenau (District Court of Freiburg HRB 490470) as general partner, which in turn is represented by the managing directors Nicolai Benz, Werner Benz and Michael Dresel Company headquarters: Oppenau Business address: Weststrasse 1 77880 Sasbach\/Black Forest Commercial register: Freiburg District Court, HRA 490361 Sales tax identification...","protected":false},"author":2,"featured_media":0,"parent":0,"menu_order":0,"comment_status":"closed","ping_status":"closed","template":"","meta":{"_acf_changed":false,"footnotes":""},"class_list":["post-2003","page","type-page","status-publish","hentry"],"acf":[],"yoast_head":"<!-- This site is optimized with the Yoast SEO plugin v26.8 - https:\/\/yoast.com\/product\/yoast-seo-wordpress\/ -->\n<title>Imprint - Bimmerle KG<\/title>\n<meta name=\"description\" content=\"Vom klassischen Obstbrand und Fruchtsaftlik\u00f6r der Marke L\u00d6RCH, \u00fcber NEEDLE BLACK FOREST Gin, bis hin zu WOOD STORK Spiced Rum und EVERMANN Whisky: Wir verbinden frische Ideen und Inspirationen aus der ganzen Welt mit der traditionellen Destillationskunst des Schwarzwalds.\" \/>\n<meta name=\"robots\" content=\"index, follow, max-snippet:-1, max-image-preview:large, max-video-preview:-1\" \/>\n<link rel=\"canonical\" href=\"https:\/\/bimmerle.de\/en\/imprint\/\" \/>\n<meta property=\"og:locale\" content=\"en_US\" \/>\n<meta property=\"og:type\" content=\"article\" \/>\n<meta property=\"og:title\" content=\"Imprint - Bimmerle KG\" \/>\n<meta property=\"og:description\" content=\"Vom klassischen Obstbrand und Fruchtsaftlik\u00f6r der Marke L\u00d6RCH, \u00fcber NEEDLE BLACK FOREST Gin, bis hin zu WOOD STORK Spiced Rum und EVERMANN Whisky: Wir verbinden frische Ideen und Inspirationen aus der ganzen Welt mit der traditionellen Destillationskunst des Schwarzwalds.\" \/>\n<meta property=\"og:url\" content=\"https:\/\/bimmerle.de\/en\/imprint\/\" \/>\n<meta property=\"og:site_name\" content=\"Bimmerle KG\" \/>\n<meta property=\"article:modified_time\" content=\"2024-03-08T17:24:39+00:00\" \/>\n<meta property=\"og:image\" content=\"https:\/\/bimmerle.de\/wp-content\/uploads\/2024\/03\/bimmerle_open_graph.webp\" \/>\n\t<meta property=\"og:image:width\" content=\"2518\" \/>\n\t<meta property=\"og:image:height\" content=\"1512\" \/>\n\t<meta property=\"og:image:type\" content=\"image\/webp\" \/>\n<meta name=\"twitter:card\" content=\"summary_large_image\" \/>\n<meta name=\"twitter:label1\" content=\"Est. reading time\" \/>\n\t<meta name=\"twitter:data1\" content=\"3 minutes\" \/>\n<script type=\"application\/ld+json\" class=\"yoast-schema-graph\">{\"@context\":\"https:\/\/schema.org\",\"@graph\":[{\"@type\":\"WebPage\",\"@id\":\"https:\/\/bimmerle.de\/en\/imprint\/\",\"url\":\"https:\/\/bimmerle.de\/en\/imprint\/\",\"name\":\"Imprint - Bimmerle KG\",\"isPartOf\":{\"@id\":\"https:\/\/bimmerle.de\/en\/#website\"},\"datePublished\":\"2024-02-01T08:59:47+00:00\",\"dateModified\":\"2024-03-08T17:24:39+00:00\",\"description\":\"Vom klassischen Obstbrand und Fruchtsaftlik\u00f6r der Marke L\u00d6RCH, \u00fcber NEEDLE BLACK FOREST Gin, bis hin zu WOOD STORK Spiced Rum und EVERMANN Whisky: Wir verbinden frische Ideen und Inspirationen aus der ganzen Welt mit der traditionellen Destillationskunst des Schwarzwalds.\",\"breadcrumb\":{\"@id\":\"https:\/\/bimmerle.de\/en\/imprint\/#breadcrumb\"},\"inLanguage\":\"en-US\",\"potentialAction\":[{\"@type\":\"ReadAction\",\"target\":[\"https:\/\/bimmerle.de\/en\/imprint\/\"]}]},{\"@type\":\"BreadcrumbList\",\"@id\":\"https:\/\/bimmerle.de\/en\/imprint\/#breadcrumb\",\"itemListElement\":[{\"@type\":\"ListItem\",\"position\":1,\"name\":\"Startseite\",\"item\":\"https:\/\/bimmerle.de\/en\/\"},{\"@type\":\"ListItem\",\"position\":2,\"name\":\"Imprint\"}]},{\"@type\":\"WebSite\",\"@id\":\"https:\/\/bimmerle.de\/en\/#website\",\"url\":\"https:\/\/bimmerle.de\/en\/\",\"name\":\"Bimmerle KG\",\"description\":\"Spirits &amp; Brands\",\"publisher\":{\"@id\":\"https:\/\/bimmerle.de\/en\/#organization\"},\"potentialAction\":[{\"@type\":\"SearchAction\",\"target\":{\"@type\":\"EntryPoint\",\"urlTemplate\":\"https:\/\/bimmerle.de\/en\/?s={search_term_string}\"},\"query-input\":{\"@type\":\"PropertyValueSpecification\",\"valueRequired\":true,\"valueName\":\"search_term_string\"}}],\"inLanguage\":\"en-US\"},{\"@type\":\"Organization\",\"@id\":\"https:\/\/bimmerle.de\/en\/#organization\",\"name\":\"Bimmerle KG\",\"url\":\"https:\/\/bimmerle.de\/en\/\",\"logo\":{\"@type\":\"ImageObject\",\"inLanguage\":\"en-US\",\"@id\":\"https:\/\/bimmerle.de\/en\/#\/schema\/logo\/image\/\",\"url\":\"https:\/\/bimmerle.de\/wp-content\/uploads\/2024\/01\/bimmerle-private-distillery_logo.svg\",\"contentUrl\":\"https:\/\/bimmerle.de\/wp-content\/uploads\/2024\/01\/bimmerle-private-distillery_logo.svg\",\"width\":\"1024\",\"height\":\"1024\",\"caption\":\"Bimmerle KG\"},\"image\":{\"@id\":\"https:\/\/bimmerle.de\/en\/#\/schema\/logo\/image\/\"},\"sameAs\":[\"https:\/\/www.instagram.com\/bimmerle.private.distillery\/\",\"https:\/\/de.linkedin.com\/company\/bimmerle-kg\"]}]}<\/script>\n<!-- \/ Yoast SEO plugin. -->","yoast_head_json":{"title":"Imprint - Bimmerle KG","description":"Vom klassischen Obstbrand und Fruchtsaftlik\u00f6r der Marke L\u00d6RCH, \u00fcber NEEDLE BLACK FOREST Gin, bis hin zu WOOD STORK Spiced Rum und EVERMANN Whisky: Wir verbinden frische Ideen und Inspirationen aus der ganzen Welt mit der traditionellen Destillationskunst des Schwarzwalds.","robots":{"index":"index","follow":"follow","max-snippet":"max-snippet:-1","max-image-preview":"max-image-preview:large","max-video-preview":"max-video-preview:-1"},"canonical":"https:\/\/bimmerle.de\/en\/imprint\/","og_locale":"en_US","og_type":"article","og_title":"Imprint - Bimmerle KG","og_description":"Vom klassischen Obstbrand und Fruchtsaftlik\u00f6r der Marke L\u00d6RCH, \u00fcber NEEDLE BLACK FOREST Gin, bis hin zu WOOD STORK Spiced Rum und EVERMANN Whisky: Wir verbinden frische Ideen und Inspirationen aus der ganzen Welt mit der traditionellen Destillationskunst des Schwarzwalds.","og_url":"https:\/\/bimmerle.de\/en\/imprint\/","og_site_name":"Bimmerle KG","article_modified_time":"2024-03-08T17:24:39+00:00","og_image":[{"width":2518,"height":1512,"url":"https:\/\/bimmerle.de\/wp-content\/uploads\/2024\/03\/bimmerle_open_graph.webp","type":"image\/webp"}],"twitter_card":"summary_large_image","twitter_misc":{"Est. reading time":"3 minutes"},"schema":{"@context":"https:\/\/schema.org","@graph":[{"@type":"WebPage","@id":"https:\/\/bimmerle.de\/en\/imprint\/","url":"https:\/\/bimmerle.de\/en\/imprint\/","name":"Imprint - Bimmerle KG","isPartOf":{"@id":"https:\/\/bimmerle.de\/en\/#website"},"datePublished":"2024-02-01T08:59:47+00:00","dateModified":"2024-03-08T17:24:39+00:00","description":"Vom klassischen Obstbrand und Fruchtsaftlik\u00f6r der Marke L\u00d6RCH, \u00fcber NEEDLE BLACK FOREST Gin, bis hin zu WOOD STORK Spiced Rum und EVERMANN Whisky: Wir verbinden frische Ideen und Inspirationen aus der ganzen Welt mit der traditionellen Destillationskunst des Schwarzwalds.","breadcrumb":{"@id":"https:\/\/bimmerle.de\/en\/imprint\/#breadcrumb"},"inLanguage":"en-US","potentialAction":[{"@type":"ReadAction","target":["https:\/\/bimmerle.de\/en\/imprint\/"]}]},{"@type":"BreadcrumbList","@id":"https:\/\/bimmerle.de\/en\/imprint\/#breadcrumb","itemListElement":[{"@type":"ListItem","position":1,"name":"Startseite","item":"https:\/\/bimmerle.de\/en\/"},{"@type":"ListItem","position":2,"name":"Imprint"}]},{"@type":"WebSite","@id":"https:\/\/bimmerle.de\/en\/#website","url":"https:\/\/bimmerle.de\/en\/","name":"Bimmerle KG","description":"Spirits &amp; Brands","publisher":{"@id":"https:\/\/bimmerle.de\/en\/#organization"},"potentialAction":[{"@type":"SearchAction","target":{"@type":"EntryPoint","urlTemplate":"https:\/\/bimmerle.de\/en\/?s={search_term_string}"},"query-input":{"@type":"PropertyValueSpecification","valueRequired":true,"valueName":"search_term_string"}}],"inLanguage":"en-US"},{"@type":"Organization","@id":"https:\/\/bimmerle.de\/en\/#organization","name":"Bimmerle KG","url":"https:\/\/bimmerle.de\/en\/","logo":{"@type":"ImageObject","inLanguage":"en-US","@id":"https:\/\/bimmerle.de\/en\/#\/schema\/logo\/image\/","url":"https:\/\/bimmerle.de\/wp-content\/uploads\/2024\/01\/bimmerle-private-distillery_logo.svg","contentUrl":"https:\/\/bimmerle.de\/wp-content\/uploads\/2024\/01\/bimmerle-private-distillery_logo.svg","width":"1024","height":"1024","caption":"Bimmerle KG"},"image":{"@id":"https:\/\/bimmerle.de\/en\/#\/schema\/logo\/image\/"},"sameAs":["https:\/\/www.instagram.com\/bimmerle.private.distillery\/","https:\/\/de.linkedin.com\/company\/bimmerle-kg"]}]}},"_links":{"self":[{"href":"https:\/\/bimmerle.de\/en\/wp-json\/wp\/v2\/pages\/2003","targetHints":{"allow":["GET"]}}],"collection":[{"href":"https:\/\/bimmerle.de\/en\/wp-json\/wp\/v2\/pages"}],"about":[{"href":"https:\/\/bimmerle.de\/en\/wp-json\/wp\/v2\/types\/page"}],"author":[{"embeddable":true,"href":"https:\/\/bimmerle.de\/en\/wp-json\/wp\/v2\/users\/2"}],"replies":[{"embeddable":true,"href":"https:\/\/bimmerle.de\/en\/wp-json\/wp\/v2\/comments?post=2003"}],"version-history":[{"count":4,"href":"https:\/\/bimmerle.de\/en\/wp-json\/wp\/v2\/pages\/2003\/revisions"}],"predecessor-version":[{"id":2009,"href":"https:\/\/bimmerle.de\/en\/wp-json\/wp\/v2\/pages\/2003\/revisions\/2009"}],"wp:attachment":[{"href":"https:\/\/bimmerle.de\/en\/wp-json\/wp\/v2\/media?parent=2003"}],"curies":[{"name":"wp","href":"https:\/\/api.w.org\/{rel}","templated":true}]}}