{"id":1922,"date":"2024-03-06T12:20:25","date_gmt":"2024-03-06T11:20:25","guid":{"rendered":"https:\/\/staging.bimmerle.de\/?page_id=1922"},"modified":"2024-03-08T16:06:28","modified_gmt":"2024-03-08T15:06:28","slug":"sutterer-1799","status":"publish","type":"page","link":"https:\/\/bimmerle.de\/en\/brands\/sutterer-1799\/","title":{"rendered":"Sutterer 1799"},"content":{"rendered":"<section class=\"l-section wpb_row height_medium full_height valign_center with_img parallax_ver parallaxdir_reversed\"><div class=\"l-section-img\" role=\"img\" aria-label=\"Image\" data-img-width=\"2560\" data-img-height=\"1919\" style=\"background-image: url(https:\/\/bimmerle.de\/wp-content\/uploads\/2024\/02\/black_forest_bg_2-scaled.webp);\"><\/div><div class=\"l-section-h i-cf\"><div class=\"g-cols vc_row via_flex valign_middle type_default stacking_default\"><div class=\"vc_col-sm-12 wpb_column vc_column_container\"><div class=\"vc_column-inner\"><div class=\"wpb_wrapper\"><div class=\"w-image us_custom_b8b60b37 has_height align_center\"><div class=\"w-image-h\"><img decoding=\"async\" width=\"665\" height=\"2436\" src=\"https:\/\/bimmerle.de\/wp-content\/uploads\/2024\/03\/Sutterer_Williams_gross.webp\" class=\"attachment-full size-full\" alt=\"\" loading=\"lazy\" srcset=\"https:\/\/bimmerle.de\/wp-content\/uploads\/2024\/03\/Sutterer_Williams_gross.webp 665w, https:\/\/bimmerle.de\/wp-content\/uploads\/2024\/03\/Sutterer_Williams_gross-82x300.webp 82w\" sizes=\"auto, (max-width: 665px) 100vw, 665px\" \/><\/div><\/div><div data-us-scroll=\"{&quot;from_initial_position&quot;:&quot;0&quot;,&quot;start_position&quot;:&quot;0%&quot;,&quot;end_position&quot;:&quot;100%&quot;,&quot;delay&quot;:&quot;0.1s&quot;,&quot;translate_y_direction&quot;:&quot;up&quot;,&quot;translate_y_speed&quot;:&quot;0.5x&quot;}\" class=\"w-image us_custom_00c0e704 us_animate_this has_scroll_effects has_translate_y align_center\"><div class=\"w-image-h\"><img decoding=\"async\" width=\"1024\" height=\"1024\" src=\"https:\/\/bimmerle.de\/wp-content\/uploads\/2024\/03\/sutterer_logo.svg\" class=\"attachment-large size-large\" alt=\"\" loading=\"lazy\" \/><\/div><\/div><\/div><\/div><\/div><\/div><\/div><\/section><section class=\"l-section wpb_row height_auto with_img parallax_ver\"><div class=\"l-section-img\" role=\"img\" aria-label=\"Image\" data-img-width=\"2048\" data-img-height=\"2560\" style=\"background-image: url(https:\/\/bimmerle.de\/wp-content\/uploads\/2024\/02\/black_forest_bg_3_long-scaled.webp);background-position: top center;background-repeat: no-repeat;\"><\/div><div class=\"l-section-overlay\" style=\"background:linear-gradient(180deg,#ffffff,rgba(255,255,255,0.5544921875))\"><\/div><div class=\"l-section-h i-cf\"><div class=\"g-cols vc_row via_flex valign_middle type_default reversed stacking_default\"><div class=\"vc_col-sm-12 wpb_column vc_column_container\"><div class=\"vc_column-inner\"><div class=\"wpb_wrapper\"><div class=\"w-separator size_huge\"><\/div><div class=\"wpb_text_column us_custom_04082210\"><div class=\"wpb_wrapper\"><div class=\"page\" title=\"Page 8\">\n<div class=\"layoutArea\">\n<div class=\"column\">\n<div class=\"page\" title=\"Page 8\">\n<div class=\"layoutArea\">\n<div class=\"column\">\n<div class=\"page\" title=\"Page 8\">\n<div class=\"layoutArea\">\n<div class=\"column\">\n<p>Simply exclusive: For our <strong>SUTTERER 1799<\/strong> fruit brandies, we only use carefully selected vintage fruit from special growing regions. The breathtaking ripeness and intensity of each fruit give our distillate an exhilaratingly strong flavour<\/p>\n<p>The special art lies in allowing each distillate to mature to perfection \u2013 a process that makes this unique intensity and quality possible in the first place.<\/p>\n<\/div>\n<\/div>\n<\/div>\n<\/div>\n<\/div>\n<\/div>\n<\/div>\n<\/div>\n<\/div>\n<\/div><\/div><div class=\"w-separator size_huge\"><\/div><\/div><\/div><\/div><\/div><\/div><\/section><section class=\"l-section wpb_row height_auto width_full\"><div class=\"l-section-h i-cf\"><div class=\"g-cols vc_row via_flex valign_top type_default stacking_default\"><div class=\"vc_col-sm-12 wpb_column vc_column_container\"><div class=\"vc_column-inner\"><div class=\"wpb_wrapper\"><div class=\"w-html\"><div class='sutterer_slider'>\n\n    <!-- Slider main container -->\n    <div class=\"swiper sutterer_swiper\">\n        <div class=\"swiper-bg\">\n            <div class=\"swiper-bg-left\">\n                <div class=\"thumb_container\">\n                    <!-- <div thumbsSlider=\"\" class=\"swiper sutterer_thumb_swiper\">\n                        <div class=\"swiper-wrapper\">\n                                                        <div class=\"swiper-slide\">\n                                <img decoding=\"async\" class=\"swiper-thumb-image\"\n                                    src=\"\">\n                            <\/div>\n                                                    <\/div>\n\n                    <\/div> -->\n                <\/div>\n            <\/div>\n            <div class=\"swiper-bg-right\">\n                <img decoding=\"async\" class=\"swiper-bg-image\" src=\"https:\/\/bimmerle.de\/wp-content\/themes\/Impreza-child\/custom_elements\/sutterer_slider\/img\/sutterer_slider_bg.webp\">\n                <img decoding=\"async\" class=\"swiper-bg-supersign\" src=\"https:\/\/bimmerle.de\/wp-content\/themes\/Impreza-child\/custom_elements\/sutterer_slider\/img\/sutterer_flasche.svg\">\n                <div class=\"swiper-bg-content-wrapper\">\n                    <!-- <h3>\n                                            <\/h3> -->\n                <\/div>\n            <\/div>\n\n        <\/div>\n        <!-- Additional required wrapper -->\n        <div class=\"swiper-wrapper sutterer_swiper-wrapper\">\n            <!-- Slides -->\n                            <div class=\"swiper-slide\" data-hash=\"sutterer-1799\">\n                    <div class=\"swiper-slide-left\">\n                        <div class=\"swiper-left-content-wrapper\">\n                            <!-- <h4 data-swiper-parallax=\"-500\"><\/h4> -->\n                            <h2 data-swiper-parallax=\"-400\">SUTTERER 1799<\/h2>\n                            <p data-swiper-parallax=\"-300\">\n                                Since their early development, the fruit brandies of the <b>Sutterer 1799 <\/b>brand have stood for first-class fruit varieties, unique handcrafted production and, since their relaunch in 2021, a strikingly modern look.<br><br>This exclusive fruit brandy range impresses with its quality, flavour and design \u2013 up to now in the catering trade in particular.                            <\/p>\n                            <div class=\"slide-facts\" data-swiper-parallax=\"-200\" data-swiper-parallax-opacity=\"0\">\n                                                                    <div class=\"slide-fact-single\">\n                                        Fruit brandy reinterpreted                                     <\/div>\n                                                                    <div class=\"slide-fact-single\">\n                                        Exclusive maturation processes                                    <\/div>\n                                                                    <div class=\"slide-fact-single\">\n                                        Colourful portfolio                                     <\/div>\n                                                                    <div class=\"slide-fact-single\">\n                                        Uniquely fruity flavour                                    <\/div>\n                                                            <\/div>\n                            <a class=\"w-btn us-btn-style_1\" target=\"_blank\" style=\"margin: 0 auto\" data-swiper-parallax=\"-100\" href=\"https:\/\/www.bimmerle-shop.de\/produkt-kategorie\/sutterer-1799\/\"><span class=\"w-btn-label\">View in Shop                                <\/span><\/a>\n                        <\/div>\n                    <\/div>\n                    <div class=\"swiper-slide-right\">\n                        <img decoding=\"async\" class=\"swiper-slide-image\" data-swiper-parallax=\"400\" data-swiper-parallax-opacity=\"0\" src=\"https:\/\/bimmerle.de\/wp-content\/themes\/Impreza-child\/custom_elements\/sutterer_slider\/img\/sutterer_alle.webp\">\n                    <\/div>\n                <\/div>\n            \n        <\/div>\n        <!-- If we need pagination -->\n        <!-- <div class=\" swiper-pagination\">\n        <\/div> -->\n\n        <!-- If we need navigation buttons -->\n        <!-- <div class=\"swiper-button-prev\"><\/div>\n        <div class=\"swiper-button-next\"><\/div> -->\n\n        <!-- If we need scrollbar -->\n        <!-- <div class=\"swiper-scrollbar\"><\/div> -->\n    <\/div>\n\n<\/div><\/div><\/div><\/div><\/div><\/div><\/div><\/section><section class=\"l-section wpb_row height_auto width_full\"><div class=\"l-section-overlay\" style=\"background:var(--color-header-middle-bg)\"><\/div><div class=\"l-section-h i-cf\"><div class=\"g-cols vc_row via_flex valign_middle type_default stacking_default\"><div class=\"vc_col-sm-6 wpb_column vc_column_container has_bg_color\"><div class=\"vc_column-inner us_custom_11b002d7\"><div class=\"wpb_wrapper\"><div class=\"w-video us_custom_687954ff us_animate_this align_right ratio_initial with_overlay\" style=\"background-image:url(https:\/\/bimmerle.de\/wp-content\/uploads\/2024\/03\/Bildschirmfoto-2024-03-06-um-12.42.12.png);\" onclick=\"return {&quot;player_html&quot;:&quot;&lt;video  preload=\\&quot;none\\&quot; playsinline controls&gt;&lt;source type=\\&quot;video\\\/mp4\\&quot; src=\\&quot;\\\/wp-content\\\/uploads\\\/2024\\\/03\\\/Evermann-Schwarzwaldmaedel-V2.mp4\\&quot; \\\/&gt;&lt;\\\/video&gt;&quot;}\"><button class=\"w-video-play\" type=\"button\" aria-label=\"Play\"><span class=\"w-video-play-icon\" style=\"font-size:1.5rem;background:rgba(0,0,0,0.5);color:#fff\"><\/span><\/button><div class=\"w-video-h\"><video  preload=\"none\" playsinline controls><source type=\"video\/mp4\" src=\"\/wp-content\/uploads\/2024\/03\/Evermann-Schwarzwaldmaedel-V2.mp4\" \/><\/video><\/div><\/div><\/div><\/div><\/div><div class=\"vc_col-sm-6 wpb_column vc_column_container\"><div class=\"vc_column-inner us_custom_7fbd3c69\"><div class=\"wpb_wrapper\"><div class=\"w-separator size_huge\"><\/div><h4 class=\"w-text us_custom_2774bef1\"><span class=\"w-text-h\"><span class=\"w-text-value\">Our Signature Cocktail<\/span><\/span><\/h4><h2 class=\"w-text\"><span class=\"w-text-h\"><span class=\"w-text-value\">Evermann Schwarzwald\u00adm\u00e4del<\/span><\/span><\/h2><div class=\"wpb_text_column us_custom_e2b1cfce\"><div class=\"wpb_wrapper\"><h6>Ingredients<\/h6>\n<ul>\n<li>5 cl Theo EVERMANN Whisky<\/li>\n<li>1 Bar spoon sugar syrup<\/li>\n<li>1 cl Sutterer Kirschwasser<\/li>\n<li>2 Dashes Angostura Bitter<\/li>\n<li>Decoration: caramelized sugar in flakes with a few cherries on top<\/li>\n<\/ul>\n<p>Place all ingredients in a mixing glass over plenty of ice and stir until the outside of the glass mist. Strain the finished drink into the tumbler over fresh ice, garnish and serve immediately.<\/p>\n<\/div><\/div><div class=\"w-separator size_huge\"><\/div><\/div><\/div><\/div><\/div><\/div><\/section>\n","protected":false},"excerpt":{"rendered":"Simply exclusive: For our SUTTERER 1799 fruit brandies, we only use carefully selected vintage fruit from special growing regions. The breathtaking ripeness and intensity of each fruit give our distillate an exhilaratingly strong flavour The special art lies in allowing each distillate to mature to perfection \u2013 a process that makes this unique intensity and...","protected":false},"author":2,"featured_media":0,"parent":1888,"menu_order":0,"comment_status":"closed","ping_status":"closed","template":"","meta":{"_acf_changed":false,"footnotes":""},"class_list":["post-1922","page","type-page","status-publish","hentry"],"acf":[],"yoast_head":"<!-- This site is optimized with the Yoast SEO plugin v26.8 - https:\/\/yoast.com\/product\/yoast-seo-wordpress\/ -->\n<title>Sutterer 1799 - Bimmerle KG<\/title>\n<meta name=\"description\" content=\"Vom klassischen Obstbrand und Fruchtsaftlik\u00f6r der Marke L\u00d6RCH, \u00fcber NEEDLE BLACK FOREST Gin, bis hin zu WOOD STORK Spiced Rum und EVERMANN Whisky: Wir verbinden frische Ideen und Inspirationen aus der ganzen Welt mit der traditionellen Destillationskunst des Schwarzwalds.\" \/>\n<meta name=\"robots\" content=\"index, follow, max-snippet:-1, max-image-preview:large, max-video-preview:-1\" \/>\n<link rel=\"canonical\" href=\"https:\/\/bimmerle.de\/en\/brands\/sutterer-1799\/\" \/>\n<meta property=\"og:locale\" content=\"en_US\" \/>\n<meta property=\"og:type\" content=\"article\" \/>\n<meta property=\"og:title\" content=\"Sutterer 1799 - Bimmerle KG\" \/>\n<meta property=\"og:description\" content=\"Vom klassischen Obstbrand und Fruchtsaftlik\u00f6r der Marke L\u00d6RCH, \u00fcber NEEDLE BLACK FOREST Gin, bis hin zu WOOD STORK Spiced Rum und EVERMANN Whisky: Wir verbinden frische Ideen und Inspirationen aus der ganzen Welt mit der traditionellen Destillationskunst des Schwarzwalds.\" \/>\n<meta property=\"og:url\" content=\"https:\/\/bimmerle.de\/en\/brands\/sutterer-1799\/\" \/>\n<meta property=\"og:site_name\" content=\"Bimmerle KG\" \/>\n<meta property=\"article:modified_time\" content=\"2024-03-08T15:06:28+00:00\" \/>\n<meta property=\"og:image\" content=\"https:\/\/bimmerle.de\/wp-content\/uploads\/2024\/03\/bimmerle_open_graph.webp\" \/>\n\t<meta property=\"og:image:width\" content=\"2518\" \/>\n\t<meta property=\"og:image:height\" content=\"1512\" \/>\n\t<meta property=\"og:image:type\" content=\"image\/webp\" \/>\n<meta name=\"twitter:card\" content=\"summary_large_image\" \/>\n<meta name=\"twitter:label1\" content=\"Est. reading time\" \/>\n\t<meta name=\"twitter:data1\" content=\"4 minutes\" \/>\n<script type=\"application\/ld+json\" class=\"yoast-schema-graph\">{\"@context\":\"https:\/\/schema.org\",\"@graph\":[{\"@type\":\"WebPage\",\"@id\":\"https:\/\/bimmerle.de\/en\/brands\/sutterer-1799\/\",\"url\":\"https:\/\/bimmerle.de\/en\/brands\/sutterer-1799\/\",\"name\":\"Sutterer 1799 - Bimmerle KG\",\"isPartOf\":{\"@id\":\"https:\/\/bimmerle.de\/en\/#website\"},\"datePublished\":\"2024-03-06T11:20:25+00:00\",\"dateModified\":\"2024-03-08T15:06:28+00:00\",\"description\":\"Vom klassischen Obstbrand und Fruchtsaftlik\u00f6r der Marke L\u00d6RCH, \u00fcber NEEDLE BLACK FOREST Gin, bis hin zu WOOD STORK Spiced Rum und EVERMANN Whisky: Wir verbinden frische Ideen und Inspirationen aus der ganzen Welt mit der traditionellen Destillationskunst des Schwarzwalds.\",\"breadcrumb\":{\"@id\":\"https:\/\/bimmerle.de\/en\/brands\/sutterer-1799\/#breadcrumb\"},\"inLanguage\":\"en-US\",\"potentialAction\":[{\"@type\":\"ReadAction\",\"target\":[\"https:\/\/bimmerle.de\/en\/brands\/sutterer-1799\/\"]}]},{\"@type\":\"BreadcrumbList\",\"@id\":\"https:\/\/bimmerle.de\/en\/brands\/sutterer-1799\/#breadcrumb\",\"itemListElement\":[{\"@type\":\"ListItem\",\"position\":1,\"name\":\"Startseite\",\"item\":\"https:\/\/bimmerle.de\/en\/\"},{\"@type\":\"ListItem\",\"position\":2,\"name\":\"Brands\",\"item\":\"https:\/\/bimmerle.de\/en\/brands\/\"},{\"@type\":\"ListItem\",\"position\":3,\"name\":\"Sutterer 1799\"}]},{\"@type\":\"WebSite\",\"@id\":\"https:\/\/bimmerle.de\/en\/#website\",\"url\":\"https:\/\/bimmerle.de\/en\/\",\"name\":\"Bimmerle KG\",\"description\":\"Spirits &amp; Brands\",\"publisher\":{\"@id\":\"https:\/\/bimmerle.de\/en\/#organization\"},\"potentialAction\":[{\"@type\":\"SearchAction\",\"target\":{\"@type\":\"EntryPoint\",\"urlTemplate\":\"https:\/\/bimmerle.de\/en\/?s={search_term_string}\"},\"query-input\":{\"@type\":\"PropertyValueSpecification\",\"valueRequired\":true,\"valueName\":\"search_term_string\"}}],\"inLanguage\":\"en-US\"},{\"@type\":\"Organization\",\"@id\":\"https:\/\/bimmerle.de\/en\/#organization\",\"name\":\"Bimmerle KG\",\"url\":\"https:\/\/bimmerle.de\/en\/\",\"logo\":{\"@type\":\"ImageObject\",\"inLanguage\":\"en-US\",\"@id\":\"https:\/\/bimmerle.de\/en\/#\/schema\/logo\/image\/\",\"url\":\"https:\/\/bimmerle.de\/wp-content\/uploads\/2024\/01\/bimmerle-private-distillery_logo.svg\",\"contentUrl\":\"https:\/\/bimmerle.de\/wp-content\/uploads\/2024\/01\/bimmerle-private-distillery_logo.svg\",\"width\":\"1024\",\"height\":\"1024\",\"caption\":\"Bimmerle KG\"},\"image\":{\"@id\":\"https:\/\/bimmerle.de\/en\/#\/schema\/logo\/image\/\"},\"sameAs\":[\"https:\/\/www.instagram.com\/bimmerle.private.distillery\/\",\"https:\/\/de.linkedin.com\/company\/bimmerle-kg\"]}]}<\/script>\n<!-- \/ Yoast SEO plugin. -->","yoast_head_json":{"title":"Sutterer 1799 - Bimmerle KG","description":"Vom klassischen Obstbrand und Fruchtsaftlik\u00f6r der Marke L\u00d6RCH, \u00fcber NEEDLE BLACK FOREST Gin, bis hin zu WOOD STORK Spiced Rum und EVERMANN Whisky: Wir verbinden frische Ideen und Inspirationen aus der ganzen Welt mit der traditionellen Destillationskunst des Schwarzwalds.","robots":{"index":"index","follow":"follow","max-snippet":"max-snippet:-1","max-image-preview":"max-image-preview:large","max-video-preview":"max-video-preview:-1"},"canonical":"https:\/\/bimmerle.de\/en\/brands\/sutterer-1799\/","og_locale":"en_US","og_type":"article","og_title":"Sutterer 1799 - Bimmerle KG","og_description":"Vom klassischen Obstbrand und Fruchtsaftlik\u00f6r der Marke L\u00d6RCH, \u00fcber NEEDLE BLACK FOREST Gin, bis hin zu WOOD STORK Spiced Rum und EVERMANN Whisky: Wir verbinden frische Ideen und Inspirationen aus der ganzen Welt mit der traditionellen Destillationskunst des Schwarzwalds.","og_url":"https:\/\/bimmerle.de\/en\/brands\/sutterer-1799\/","og_site_name":"Bimmerle KG","article_modified_time":"2024-03-08T15:06:28+00:00","og_image":[{"width":2518,"height":1512,"url":"https:\/\/bimmerle.de\/wp-content\/uploads\/2024\/03\/bimmerle_open_graph.webp","type":"image\/webp"}],"twitter_card":"summary_large_image","twitter_misc":{"Est. reading time":"4 minutes"},"schema":{"@context":"https:\/\/schema.org","@graph":[{"@type":"WebPage","@id":"https:\/\/bimmerle.de\/en\/brands\/sutterer-1799\/","url":"https:\/\/bimmerle.de\/en\/brands\/sutterer-1799\/","name":"Sutterer 1799 - Bimmerle KG","isPartOf":{"@id":"https:\/\/bimmerle.de\/en\/#website"},"datePublished":"2024-03-06T11:20:25+00:00","dateModified":"2024-03-08T15:06:28+00:00","description":"Vom klassischen Obstbrand und Fruchtsaftlik\u00f6r der Marke L\u00d6RCH, \u00fcber NEEDLE BLACK FOREST Gin, bis hin zu WOOD STORK Spiced Rum und EVERMANN Whisky: Wir verbinden frische Ideen und Inspirationen aus der ganzen Welt mit der traditionellen Destillationskunst des Schwarzwalds.","breadcrumb":{"@id":"https:\/\/bimmerle.de\/en\/brands\/sutterer-1799\/#breadcrumb"},"inLanguage":"en-US","potentialAction":[{"@type":"ReadAction","target":["https:\/\/bimmerle.de\/en\/brands\/sutterer-1799\/"]}]},{"@type":"BreadcrumbList","@id":"https:\/\/bimmerle.de\/en\/brands\/sutterer-1799\/#breadcrumb","itemListElement":[{"@type":"ListItem","position":1,"name":"Startseite","item":"https:\/\/bimmerle.de\/en\/"},{"@type":"ListItem","position":2,"name":"Brands","item":"https:\/\/bimmerle.de\/en\/brands\/"},{"@type":"ListItem","position":3,"name":"Sutterer 1799"}]},{"@type":"WebSite","@id":"https:\/\/bimmerle.de\/en\/#website","url":"https:\/\/bimmerle.de\/en\/","name":"Bimmerle KG","description":"Spirits &amp; Brands","publisher":{"@id":"https:\/\/bimmerle.de\/en\/#organization"},"potentialAction":[{"@type":"SearchAction","target":{"@type":"EntryPoint","urlTemplate":"https:\/\/bimmerle.de\/en\/?s={search_term_string}"},"query-input":{"@type":"PropertyValueSpecification","valueRequired":true,"valueName":"search_term_string"}}],"inLanguage":"en-US"},{"@type":"Organization","@id":"https:\/\/bimmerle.de\/en\/#organization","name":"Bimmerle KG","url":"https:\/\/bimmerle.de\/en\/","logo":{"@type":"ImageObject","inLanguage":"en-US","@id":"https:\/\/bimmerle.de\/en\/#\/schema\/logo\/image\/","url":"https:\/\/bimmerle.de\/wp-content\/uploads\/2024\/01\/bimmerle-private-distillery_logo.svg","contentUrl":"https:\/\/bimmerle.de\/wp-content\/uploads\/2024\/01\/bimmerle-private-distillery_logo.svg","width":"1024","height":"1024","caption":"Bimmerle KG"},"image":{"@id":"https:\/\/bimmerle.de\/en\/#\/schema\/logo\/image\/"},"sameAs":["https:\/\/www.instagram.com\/bimmerle.private.distillery\/","https:\/\/de.linkedin.com\/company\/bimmerle-kg"]}]}},"_links":{"self":[{"href":"https:\/\/bimmerle.de\/en\/wp-json\/wp\/v2\/pages\/1922","targetHints":{"allow":["GET"]}}],"collection":[{"href":"https:\/\/bimmerle.de\/en\/wp-json\/wp\/v2\/pages"}],"about":[{"href":"https:\/\/bimmerle.de\/en\/wp-json\/wp\/v2\/types\/page"}],"author":[{"embeddable":true,"href":"https:\/\/bimmerle.de\/en\/wp-json\/wp\/v2\/users\/2"}],"replies":[{"embeddable":true,"href":"https:\/\/bimmerle.de\/en\/wp-json\/wp\/v2\/comments?post=1922"}],"version-history":[{"count":1,"href":"https:\/\/bimmerle.de\/en\/wp-json\/wp\/v2\/pages\/1922\/revisions"}],"predecessor-version":[{"id":1925,"href":"https:\/\/bimmerle.de\/en\/wp-json\/wp\/v2\/pages\/1922\/revisions\/1925"}],"up":[{"embeddable":true,"href":"https:\/\/bimmerle.de\/en\/wp-json\/wp\/v2\/pages\/1888"}],"wp:attachment":[{"href":"https:\/\/bimmerle.de\/en\/wp-json\/wp\/v2\/media?parent=1922"}],"curies":[{"name":"wp","href":"https:\/\/api.w.org\/{rel}","templated":true}]}}