{"id":1918,"date":"2024-03-06T15:02:57","date_gmt":"2024-03-06T14:02:57","guid":{"rendered":"https:\/\/staging.bimmerle.de\/?page_id=1918"},"modified":"2024-03-08T15:59:40","modified_gmt":"2024-03-08T14:59:40","slug":"pvre-5","status":"publish","type":"page","link":"https:\/\/bimmerle.de\/en\/brands\/pvre-5\/","title":{"rendered":"Pvre 5"},"content":{"rendered":"<section class=\"l-section wpb_row height_medium full_height valign_center with_img parallax_ver\"><div class=\"l-section-img\" role=\"img\" aria-label=\"Image\" data-img-width=\"2560\" data-img-height=\"1600\" style=\"background-image: url(https:\/\/bimmerle.de\/wp-content\/uploads\/2024\/03\/PVRE_V_quer-scaled.webp);\"><\/div><div class=\"l-section-h i-cf\"><div class=\"g-cols vc_row via_flex valign_middle type_default stacking_default\"><div class=\"vc_col-sm-12 wpb_column vc_column_container\"><div class=\"vc_column-inner\"><div class=\"wpb_wrapper\"><div class=\"w-image us_custom_a9c24cf8 has_height align_center\" id=\"donpasquale_flasche\"><div class=\"w-image-h\"><img decoding=\"async\" width=\"527\" height=\"2500\" src=\"https:\/\/bimmerle.de\/wp-content\/uploads\/2024\/03\/Pure5_gross.webp\" class=\"attachment-full size-full\" alt=\"\" loading=\"lazy\" srcset=\"https:\/\/bimmerle.de\/wp-content\/uploads\/2024\/03\/Pure5_gross.webp 527w, https:\/\/bimmerle.de\/wp-content\/uploads\/2024\/03\/Pure5_gross-63x300.webp 63w, https:\/\/bimmerle.de\/wp-content\/uploads\/2024\/03\/Pure5_gross-216x1024.webp 216w\" sizes=\"auto, (max-width: 527px) 100vw, 527px\" \/><\/div><\/div><div data-us-scroll=\"{&quot;from_initial_position&quot;:&quot;0&quot;,&quot;start_position&quot;:&quot;0%&quot;,&quot;end_position&quot;:&quot;100%&quot;,&quot;delay&quot;:&quot;0.1s&quot;,&quot;translate_y_direction&quot;:&quot;up&quot;,&quot;translate_y_speed&quot;:&quot;0.5x&quot;}\" class=\"w-image us_custom_6df8f5f3 us_animate_this has_scroll_effects has_translate_y align_center\"><div class=\"w-image-h\"><img decoding=\"async\" width=\"1024\" height=\"1024\" src=\"https:\/\/bimmerle.de\/wp-content\/uploads\/2024\/03\/pure_v.svg\" class=\"attachment-large size-large\" alt=\"\" loading=\"lazy\" \/><\/div><\/div><\/div><\/div><\/div><\/div><\/div><\/section><section class=\"l-section wpb_row height_auto\"><div class=\"l-section-overlay\" style=\"background:linear-gradient(180deg,#ffffff,rgba(255,255,255,0.5544921875))\"><\/div><div class=\"l-section-h i-cf\"><div class=\"g-cols vc_row via_flex valign_middle type_default reversed stacking_default\"><div class=\"vc_col-sm-12 wpb_column vc_column_container\"><div class=\"vc_column-inner\"><div class=\"wpb_wrapper\"><div class=\"w-separator size_huge\"><\/div><div class=\"wpb_text_column us_custom_04082210\"><div class=\"wpb_wrapper\"><div class=\"page\" title=\"Page 8\">\n<div class=\"layoutArea\">\n<div class=\"column\">\n<div class=\"page\" title=\"Page 8\">\n<div class=\"layoutArea\">\n<div class=\"column\">\n<div class=\"page\" title=\"Page 8\">\n<div class=\"layoutArea\">\n<div class=\"column\">\n<div class=\"page\" title=\"Page 8\">\n<div class=\"layoutArea\">\n<div class=\"column\">\n<div class=\"page\" title=\"Page 8\">\n<div class=\"layoutArea\">\n<div class=\"column\">\n<p>Inspired by the clarity of the Black Forest mountain springs, our <strong>PVRE FIVE Vodka<\/strong> is a masterpiece of the art of distillation, characterised by the highest purity.<\/p>\n<p>Five distillation processes and cold filtration at minus 5 degrees guarantee its clear and unmistakably pure flavour. The addition of crystal-clear Black Forest mountain spring water brings this masterpiece to perfection.<\/p>\n<\/div>\n<\/div>\n<\/div>\n<\/div>\n<\/div>\n<\/div>\n<\/div>\n<\/div>\n<\/div>\n<\/div>\n<\/div>\n<\/div>\n<\/div>\n<\/div>\n<\/div>\n<\/div><\/div><div class=\"w-separator size_huge\"><\/div><\/div><\/div><\/div><\/div><\/div><\/section><section class=\"l-section wpb_row height_auto width_full\"><div class=\"l-section-h i-cf\"><div class=\"g-cols vc_row via_flex valign_top type_default stacking_default\"><div class=\"vc_col-sm-12 wpb_column vc_column_container\"><div class=\"vc_column-inner\"><div class=\"wpb_wrapper\"><div class=\"w-html\"><div class='purev_slider'>\n\n    <!-- Slider main container -->\n    <div class=\"swiper purev_swiper\">\n        <div class=\"swiper-bg\">\n            <div class=\"swiper-bg-left\">\n                <div class=\"thumb_container\">\n                    <!-- <div thumbsSlider=\"\" class=\"swiper purev_thumb_swiper\">\n                        <div class=\"swiper-wrapper\">\n                                                        <div class=\"swiper-slide\">\n                                <img decoding=\"async\" class=\"swiper-thumb-image\"\n                                    src=\"\">\n                            <\/div>\n                                                    <\/div>\n\n                    <\/div> -->\n                <\/div>\n            <\/div>\n            <div class=\"swiper-bg-right\">\n                <img decoding=\"async\" class=\"swiper-bg-image\" src=\"https:\/\/bimmerle.de\/wp-content\/themes\/Impreza-child\/custom_elements\/purev_slider\/img\/PVRE_V_neu.webp\">\n                <img decoding=\"async\" class=\"swiper-bg-supersign\" src=\"https:\/\/bimmerle.de\/wp-content\/themes\/Impreza-child\/custom_elements\/purev_slider\/img\/purev_supersign.svg\">\n                <div class=\"swiper-bg-content-wrapper\">\n                    <h3>\n                        F\u00fcr alle<br><b>5 Sinne<\/b>                    <\/h3>\n                <\/div>\n            <\/div>\n\n        <\/div>\n        <!-- Additional required wrapper -->\n        <div class=\"swiper-wrapper purev_swiper-wrapper\">\n            <!-- Slides -->\n                            <div class=\"swiper-slide\" data-hash=\"pvre-five\">\n                    <div class=\"swiper-slide-left\">\n                        <div class=\"swiper-left-content-wrapper\">\n                            <h4 data-swiper-parallax=\"-500\">Inspired by clarity<\/h4>\n                            <h2 data-swiper-parallax=\"-400\">Pvre Five<\/h2>\n                            <p data-swiper-parallax=\"-300\">\n                                Five distillation processes and cold filtration at minus 5 degrees guarantee its clear and unmistakably pure flavour. The addition of crystal-clear Black Forest mountain spring water brings this masterpiece to perfection.                            <\/p>\n                            <div class=\"slide-facts\" data-swiper-parallax=\"-200\" data-swiper-parallax-opacity=\"0\">\n                                                                    <div class=\"slide-fact-single\">\n                                        Distilled five times on a rectification still                                    <\/div>\n                                                                    <div class=\"slide-fact-single\">\n                                        German quality vodka                                      <\/div>\n                                                                    <div class=\"slide-fact-single\">\n                                        Inspired by the purity of Baden's springs                                    <\/div>\n                                                                    <div class=\"slide-fact-single\">\n                                        Refined using Black Forest spring water                                    <\/div>\n                                                            <\/div>\n                            <!-- <a class=\"w-btn us-btn-style_1\" target=\"_blank\" style=\"margin: 0 auto\" data-swiper-parallax=\"-100\" href=\"\"><span class=\"w-btn-label\">Im\n                                    Shop ansehen\n                                <\/span><\/a> -->\n                        <\/div>\n                    <\/div>\n                    <div class=\"swiper-slide-right\">\n                        <img decoding=\"async\" class=\"swiper-slide-image\" data-swiper-parallax=\"400\" data-swiper-parallax-opacity=\"0\" src=\"https:\/\/bimmerle.de\/wp-content\/themes\/Impreza-child\/custom_elements\/purev_slider\/img\/Pure5_gross.webp\">\n                    <\/div>\n                <\/div>\n            \n        <\/div>\n        <!-- If we need pagination -->\n        <!-- <div class=\" swiper-pagination\">\n        <\/div> -->\n\n        <!-- If we need navigation buttons -->\n        <!-- <div class=\"swiper-button-prev\"><\/div>\n        <div class=\"swiper-button-next\"><\/div> -->\n\n        <!-- If we need scrollbar -->\n        <!-- <div class=\"swiper-scrollbar\"><\/div> -->\n    <\/div>\n\n<\/div><\/div><\/div><\/div><\/div><\/div><\/div><\/section>\n","protected":false},"excerpt":{"rendered":"Inspired by the clarity of the Black Forest mountain springs, our PVRE FIVE Vodka is a masterpiece of the art of distillation, characterised by the highest purity. Five distillation processes and cold filtration at minus 5 degrees guarantee its clear and unmistakably pure flavour. The addition of crystal-clear Black Forest mountain spring water brings this...","protected":false},"author":2,"featured_media":0,"parent":1888,"menu_order":0,"comment_status":"closed","ping_status":"closed","template":"","meta":{"_acf_changed":false,"footnotes":""},"class_list":["post-1918","page","type-page","status-publish","hentry"],"acf":[],"yoast_head":"<!-- This site is optimized with the Yoast SEO plugin v26.8 - https:\/\/yoast.com\/product\/yoast-seo-wordpress\/ -->\n<title>Pvre 5 - Bimmerle KG<\/title>\n<meta name=\"description\" content=\"Vom klassischen Obstbrand und Fruchtsaftlik\u00f6r der Marke L\u00d6RCH, \u00fcber NEEDLE BLACK FOREST Gin, bis hin zu WOOD STORK Spiced Rum und EVERMANN Whisky: Wir verbinden frische Ideen und Inspirationen aus der ganzen Welt mit der traditionellen Destillationskunst des Schwarzwalds.\" \/>\n<meta name=\"robots\" content=\"index, follow, max-snippet:-1, max-image-preview:large, max-video-preview:-1\" \/>\n<link rel=\"canonical\" href=\"https:\/\/bimmerle.de\/en\/brands\/pvre-5\/\" \/>\n<meta property=\"og:locale\" content=\"en_US\" \/>\n<meta property=\"og:type\" content=\"article\" \/>\n<meta property=\"og:title\" content=\"Pvre 5 - Bimmerle KG\" \/>\n<meta property=\"og:description\" content=\"Vom klassischen Obstbrand und Fruchtsaftlik\u00f6r der Marke L\u00d6RCH, \u00fcber NEEDLE BLACK FOREST Gin, bis hin zu WOOD STORK Spiced Rum und EVERMANN Whisky: Wir verbinden frische Ideen und Inspirationen aus der ganzen Welt mit der traditionellen Destillationskunst des Schwarzwalds.\" \/>\n<meta property=\"og:url\" content=\"https:\/\/bimmerle.de\/en\/brands\/pvre-5\/\" \/>\n<meta property=\"og:site_name\" content=\"Bimmerle KG\" \/>\n<meta property=\"article:modified_time\" content=\"2024-03-08T14:59:40+00:00\" \/>\n<meta property=\"og:image\" content=\"https:\/\/bimmerle.de\/wp-content\/uploads\/2024\/03\/bimmerle_open_graph.webp\" \/>\n\t<meta property=\"og:image:width\" content=\"2518\" \/>\n\t<meta property=\"og:image:height\" content=\"1512\" \/>\n\t<meta property=\"og:image:type\" content=\"image\/webp\" \/>\n<meta name=\"twitter:card\" content=\"summary_large_image\" \/>\n<meta name=\"twitter:label1\" content=\"Est. reading time\" \/>\n\t<meta name=\"twitter:data1\" content=\"4 minutes\" \/>\n<script type=\"application\/ld+json\" class=\"yoast-schema-graph\">{\"@context\":\"https:\/\/schema.org\",\"@graph\":[{\"@type\":\"WebPage\",\"@id\":\"https:\/\/bimmerle.de\/en\/brands\/pvre-5\/\",\"url\":\"https:\/\/bimmerle.de\/en\/brands\/pvre-5\/\",\"name\":\"Pvre 5 - Bimmerle KG\",\"isPartOf\":{\"@id\":\"https:\/\/bimmerle.de\/en\/#website\"},\"datePublished\":\"2024-03-06T14:02:57+00:00\",\"dateModified\":\"2024-03-08T14:59:40+00:00\",\"description\":\"Vom klassischen Obstbrand und Fruchtsaftlik\u00f6r der Marke L\u00d6RCH, \u00fcber NEEDLE BLACK FOREST Gin, bis hin zu WOOD STORK Spiced Rum und EVERMANN Whisky: Wir verbinden frische Ideen und Inspirationen aus der ganzen Welt mit der traditionellen Destillationskunst des Schwarzwalds.\",\"breadcrumb\":{\"@id\":\"https:\/\/bimmerle.de\/en\/brands\/pvre-5\/#breadcrumb\"},\"inLanguage\":\"en-US\",\"potentialAction\":[{\"@type\":\"ReadAction\",\"target\":[\"https:\/\/bimmerle.de\/en\/brands\/pvre-5\/\"]}]},{\"@type\":\"BreadcrumbList\",\"@id\":\"https:\/\/bimmerle.de\/en\/brands\/pvre-5\/#breadcrumb\",\"itemListElement\":[{\"@type\":\"ListItem\",\"position\":1,\"name\":\"Startseite\",\"item\":\"https:\/\/bimmerle.de\/en\/\"},{\"@type\":\"ListItem\",\"position\":2,\"name\":\"Brands\",\"item\":\"https:\/\/bimmerle.de\/en\/brands\/\"},{\"@type\":\"ListItem\",\"position\":3,\"name\":\"Pvre 5\"}]},{\"@type\":\"WebSite\",\"@id\":\"https:\/\/bimmerle.de\/en\/#website\",\"url\":\"https:\/\/bimmerle.de\/en\/\",\"name\":\"Bimmerle KG\",\"description\":\"Spirits &amp; Brands\",\"publisher\":{\"@id\":\"https:\/\/bimmerle.de\/en\/#organization\"},\"potentialAction\":[{\"@type\":\"SearchAction\",\"target\":{\"@type\":\"EntryPoint\",\"urlTemplate\":\"https:\/\/bimmerle.de\/en\/?s={search_term_string}\"},\"query-input\":{\"@type\":\"PropertyValueSpecification\",\"valueRequired\":true,\"valueName\":\"search_term_string\"}}],\"inLanguage\":\"en-US\"},{\"@type\":\"Organization\",\"@id\":\"https:\/\/bimmerle.de\/en\/#organization\",\"name\":\"Bimmerle KG\",\"url\":\"https:\/\/bimmerle.de\/en\/\",\"logo\":{\"@type\":\"ImageObject\",\"inLanguage\":\"en-US\",\"@id\":\"https:\/\/bimmerle.de\/en\/#\/schema\/logo\/image\/\",\"url\":\"https:\/\/bimmerle.de\/wp-content\/uploads\/2024\/01\/bimmerle-private-distillery_logo.svg\",\"contentUrl\":\"https:\/\/bimmerle.de\/wp-content\/uploads\/2024\/01\/bimmerle-private-distillery_logo.svg\",\"width\":\"1024\",\"height\":\"1024\",\"caption\":\"Bimmerle KG\"},\"image\":{\"@id\":\"https:\/\/bimmerle.de\/en\/#\/schema\/logo\/image\/\"},\"sameAs\":[\"https:\/\/www.instagram.com\/bimmerle.private.distillery\/\",\"https:\/\/de.linkedin.com\/company\/bimmerle-kg\"]}]}<\/script>\n<!-- \/ Yoast SEO plugin. -->","yoast_head_json":{"title":"Pvre 5 - Bimmerle KG","description":"Vom klassischen Obstbrand und Fruchtsaftlik\u00f6r der Marke L\u00d6RCH, \u00fcber NEEDLE BLACK FOREST Gin, bis hin zu WOOD STORK Spiced Rum und EVERMANN Whisky: Wir verbinden frische Ideen und Inspirationen aus der ganzen Welt mit der traditionellen Destillationskunst des Schwarzwalds.","robots":{"index":"index","follow":"follow","max-snippet":"max-snippet:-1","max-image-preview":"max-image-preview:large","max-video-preview":"max-video-preview:-1"},"canonical":"https:\/\/bimmerle.de\/en\/brands\/pvre-5\/","og_locale":"en_US","og_type":"article","og_title":"Pvre 5 - Bimmerle KG","og_description":"Vom klassischen Obstbrand und Fruchtsaftlik\u00f6r der Marke L\u00d6RCH, \u00fcber NEEDLE BLACK FOREST Gin, bis hin zu WOOD STORK Spiced Rum und EVERMANN Whisky: Wir verbinden frische Ideen und Inspirationen aus der ganzen Welt mit der traditionellen Destillationskunst des Schwarzwalds.","og_url":"https:\/\/bimmerle.de\/en\/brands\/pvre-5\/","og_site_name":"Bimmerle KG","article_modified_time":"2024-03-08T14:59:40+00:00","og_image":[{"width":2518,"height":1512,"url":"https:\/\/bimmerle.de\/wp-content\/uploads\/2024\/03\/bimmerle_open_graph.webp","type":"image\/webp"}],"twitter_card":"summary_large_image","twitter_misc":{"Est. reading time":"4 minutes"},"schema":{"@context":"https:\/\/schema.org","@graph":[{"@type":"WebPage","@id":"https:\/\/bimmerle.de\/en\/brands\/pvre-5\/","url":"https:\/\/bimmerle.de\/en\/brands\/pvre-5\/","name":"Pvre 5 - Bimmerle KG","isPartOf":{"@id":"https:\/\/bimmerle.de\/en\/#website"},"datePublished":"2024-03-06T14:02:57+00:00","dateModified":"2024-03-08T14:59:40+00:00","description":"Vom klassischen Obstbrand und Fruchtsaftlik\u00f6r der Marke L\u00d6RCH, \u00fcber NEEDLE BLACK FOREST Gin, bis hin zu WOOD STORK Spiced Rum und EVERMANN Whisky: Wir verbinden frische Ideen und Inspirationen aus der ganzen Welt mit der traditionellen Destillationskunst des Schwarzwalds.","breadcrumb":{"@id":"https:\/\/bimmerle.de\/en\/brands\/pvre-5\/#breadcrumb"},"inLanguage":"en-US","potentialAction":[{"@type":"ReadAction","target":["https:\/\/bimmerle.de\/en\/brands\/pvre-5\/"]}]},{"@type":"BreadcrumbList","@id":"https:\/\/bimmerle.de\/en\/brands\/pvre-5\/#breadcrumb","itemListElement":[{"@type":"ListItem","position":1,"name":"Startseite","item":"https:\/\/bimmerle.de\/en\/"},{"@type":"ListItem","position":2,"name":"Brands","item":"https:\/\/bimmerle.de\/en\/brands\/"},{"@type":"ListItem","position":3,"name":"Pvre 5"}]},{"@type":"WebSite","@id":"https:\/\/bimmerle.de\/en\/#website","url":"https:\/\/bimmerle.de\/en\/","name":"Bimmerle KG","description":"Spirits &amp; Brands","publisher":{"@id":"https:\/\/bimmerle.de\/en\/#organization"},"potentialAction":[{"@type":"SearchAction","target":{"@type":"EntryPoint","urlTemplate":"https:\/\/bimmerle.de\/en\/?s={search_term_string}"},"query-input":{"@type":"PropertyValueSpecification","valueRequired":true,"valueName":"search_term_string"}}],"inLanguage":"en-US"},{"@type":"Organization","@id":"https:\/\/bimmerle.de\/en\/#organization","name":"Bimmerle KG","url":"https:\/\/bimmerle.de\/en\/","logo":{"@type":"ImageObject","inLanguage":"en-US","@id":"https:\/\/bimmerle.de\/en\/#\/schema\/logo\/image\/","url":"https:\/\/bimmerle.de\/wp-content\/uploads\/2024\/01\/bimmerle-private-distillery_logo.svg","contentUrl":"https:\/\/bimmerle.de\/wp-content\/uploads\/2024\/01\/bimmerle-private-distillery_logo.svg","width":"1024","height":"1024","caption":"Bimmerle KG"},"image":{"@id":"https:\/\/bimmerle.de\/en\/#\/schema\/logo\/image\/"},"sameAs":["https:\/\/www.instagram.com\/bimmerle.private.distillery\/","https:\/\/de.linkedin.com\/company\/bimmerle-kg"]}]}},"_links":{"self":[{"href":"https:\/\/bimmerle.de\/en\/wp-json\/wp\/v2\/pages\/1918","targetHints":{"allow":["GET"]}}],"collection":[{"href":"https:\/\/bimmerle.de\/en\/wp-json\/wp\/v2\/pages"}],"about":[{"href":"https:\/\/bimmerle.de\/en\/wp-json\/wp\/v2\/types\/page"}],"author":[{"embeddable":true,"href":"https:\/\/bimmerle.de\/en\/wp-json\/wp\/v2\/users\/2"}],"replies":[{"embeddable":true,"href":"https:\/\/bimmerle.de\/en\/wp-json\/wp\/v2\/comments?post=1918"}],"version-history":[{"count":1,"href":"https:\/\/bimmerle.de\/en\/wp-json\/wp\/v2\/pages\/1918\/revisions"}],"predecessor-version":[{"id":1920,"href":"https:\/\/bimmerle.de\/en\/wp-json\/wp\/v2\/pages\/1918\/revisions\/1920"}],"up":[{"embeddable":true,"href":"https:\/\/bimmerle.de\/en\/wp-json\/wp\/v2\/pages\/1888"}],"wp:attachment":[{"href":"https:\/\/bimmerle.de\/en\/wp-json\/wp\/v2\/media?parent=1918"}],"curies":[{"name":"wp","href":"https:\/\/api.w.org\/{rel}","templated":true}]}}