{"id":1911,"date":"2024-03-06T09:17:11","date_gmt":"2024-03-06T08:17:11","guid":{"rendered":"https:\/\/staging.bimmerle.de\/?page_id=1911"},"modified":"2026-03-31T10:09:46","modified_gmt":"2026-03-31T08:09:46","slug":"responsibility","status":"publish","type":"page","link":"https:\/\/bimmerle.de\/en\/company\/responsibility\/","title":{"rendered":"Responsibility"},"content":{"rendered":"<section class=\"l-section wpb_row height_medium\"><div class=\"l-section-overlay\" style=\"background:#000000\"><\/div><div class=\"l-section-h i-cf\"><div class=\"g-cols vc_row via_flex valign_top type_default stacking_default\"><div class=\"vc_col-sm-12 wpb_column vc_column_container\"><div class=\"vc_column-inner\"><div class=\"wpb_wrapper\"><div class=\"wpb_text_column us_custom_0c4dbdce has_text_color\"><div class=\"wpb_wrapper\"><h1>Our <span style=\"color: var(--color-content-primary);\">Promise<\/span><\/h1>\n<\/div><\/div><\/div><\/div><\/div><\/div><\/div><\/section><section class=\"l-section wpb_row us_custom_623ba360 height_medium full_height valign_center width_custom color_alternate with_img parallax_ver\" style=\"--site-content-width:1600px;\"><div class=\"l-section-img\" role=\"img\" aria-label=\"Image\" data-img-width=\"2560\" data-img-height=\"2560\" style=\"background-image: url(https:\/\/bimmerle.de\/wp-content\/uploads\/2024\/03\/nachhaltig_header_v2-scaled.webp);background-repeat: no-repeat;\"><\/div><div class=\"l-section-overlay\" style=\"background:linear-gradient(180deg,#000000,rgba(0,0,0,0))\"><\/div><div class=\"l-section-h i-cf\"><div class=\"g-cols vc_row via_flex valign_top type_default stacking_default\"><div class=\"vc_col-sm-12 wpb_column vc_column_container\"><div class=\"vc_column-inner\"><div class=\"wpb_wrapper\"><div class=\"wpb_text_column us_custom_0c4dbdce has_text_color\"><div class=\"wpb_wrapper\"><h2>Naturally <span style=\"color: var(--color-content-primary);\">Sustainable<\/span><\/h2>\n<\/div><\/div><div class=\"w-separator size_huge\"><\/div><div class=\"g-cols wpb_row via_flex valign_top type_default stacking_default\"><div class=\"vc_col-sm-4 wpb_column vc_column_container\"><div class=\"vc_column-inner us_custom_60e9caca us_animate_this\"><div class=\"wpb_wrapper\"><div class=\"w-image us_custom_349a55f5 align_center\"><div class=\"w-image-h\"><img decoding=\"async\" width=\"1024\" height=\"1024\" src=\"https:\/\/bimmerle.de\/wp-content\/uploads\/2024\/03\/brennstoff_web.svg\" class=\"attachment-large size-large\" alt=\"\" loading=\"lazy\" \/><\/div><\/div><div class=\"w-separator size_medium\"><\/div><h5 class=\"w-text us_custom_d44d8758 has_text_color\"><span class=\"w-text-h\"><span class=\"w-text-value\">Regional heating<\/span><\/span><\/h5><div class=\"wpb_text_column us_custom_eb849559\"><div class=\"wpb_wrapper\"><div class=\"page\" title=\"Page 4\">\n<div class=\"layoutArea\">\n<div class=\"column\">\n<p>We use biomass \u2013 a renewable raw material from the Black Forest \u2013 for all our energy requirements. We also use stone fruit pits, which are also converted into thermal energy thanks to smart technology.<\/p>\n<\/div>\n<\/div>\n<\/div>\n<\/div><\/div><\/div><\/div><\/div><div class=\"vc_col-sm-4 wpb_column vc_column_container\"><div class=\"vc_column-inner\"><div class=\"wpb_wrapper\"><div class=\"w-image us_custom_349a55f5 align_center\"><div class=\"w-image-h\"><img decoding=\"async\" width=\"1024\" height=\"1024\" src=\"https:\/\/bimmerle.de\/wp-content\/uploads\/2024\/03\/heizen_web.svg\" class=\"attachment-large size-large\" alt=\"\" loading=\"lazy\" \/><\/div><\/div><div class=\"w-separator size_medium\"><\/div><h5 class=\"w-text us_custom_0c4dbdce has_text_color\"><span class=\"w-text-h\"><span class=\"w-text-value\">Heat recovery<\/span><\/span><\/h5><div class=\"wpb_text_column us_custom_eb849559\"><div class=\"wpb_wrapper\"><div class=\"page\" title=\"Page 4\">\n<div class=\"layoutArea\">\n<div class=\"column\">\n<div class=\"page\" title=\"Page 4\">\n<div class=\"layoutArea\">\n<div class=\"column\">\n<p>Distillation produces organic residues, which are passed on to biogas plants, which in turn generate energy.<\/p>\n<\/div>\n<\/div>\n<\/div>\n<\/div>\n<\/div>\n<\/div>\n<\/div><\/div><\/div><\/div><\/div><div class=\"vc_col-sm-4 wpb_column vc_column_container\"><div class=\"vc_column-inner\"><div class=\"wpb_wrapper\"><div class=\"w-image us_custom_349a55f5 align_center\"><div class=\"w-image-h\"><img decoding=\"async\" width=\"1024\" height=\"1024\" src=\"https:\/\/bimmerle.de\/wp-content\/uploads\/2024\/03\/wasser_web.svg\" class=\"attachment-large size-large\" alt=\"\" loading=\"lazy\" \/><\/div><\/div><div class=\"w-separator size_medium\"><\/div><h5 class=\"w-text us_custom_0c4dbdce has_text_color\"><span class=\"w-text-h\"><span class=\"w-text-value\">Saving water<\/span><\/span><\/h5><div class=\"wpb_text_column us_custom_eb849559\"><div class=\"wpb_wrapper\"><div class=\"page\" title=\"Page 4\">\n<div class=\"layoutArea\">\n<div class=\"column\">\n<div class=\"page\" title=\"Page 4\">\n<div class=\"layoutArea\">\n<div class=\"column\">\n<p>Thanks to temperature-controlled fermentation, we meet the highest quality standards. By means of an intelligent cooling circuit, we can save between 500 and 1,000 m\u00b3 of water every day.<\/p>\n<\/div>\n<\/div>\n<\/div>\n<\/div>\n<\/div>\n<\/div>\n<\/div><\/div><\/div><\/div><\/div><\/div><div class=\"w-separator size_large\"><\/div><\/div><\/div><\/div><\/div><\/div><\/section><section class=\"l-section wpb_row height_medium full_height valign_center width_custom with_img parallax_ver parallaxdir_reversed parallax_xpos_right\" style=\"--site-content-width:1600px;\"><div class=\"l-section-img\" role=\"img\" aria-label=\"Image\" data-img-width=\"2048\" data-img-height=\"1366\" style=\"background-image: url(https:\/\/bimmerle.de\/wp-content\/uploads\/2024\/03\/2024_Bimmerle_people_12565.jpg);background-position: top right;background-repeat: no-repeat;\"><\/div><div class=\"l-section-overlay\" style=\"background:linear-gradient(275deg,rgba(0,0,0,0.2203125),rgba(0,0,0,0.55))\"><\/div><div class=\"l-section-h i-cf\"><div class=\"g-cols vc_row via_flex valign_top type_default stacking_default\"><div class=\"vc_col-sm-6 wpb_column vc_column_container\"><div class=\"vc_column-inner\"><div class=\"wpb_wrapper\"><div class=\"w-hwrapper valign_middle align_none\" style=\"--hwrapper-gap:2rem\"><div class=\"w-image align_none\"><div class=\"w-image-h\"><img decoding=\"async\" width=\"1024\" height=\"1024\" src=\"https:\/\/bimmerle.de\/wp-content\/uploads\/2024\/03\/Siegel_Vegan.svg\" class=\"attachment-large size-large\" alt=\"\" loading=\"lazy\" \/><\/div><\/div><div class=\"w-image align_none\"><div class=\"w-image-h\"><img decoding=\"async\" width=\"1024\" height=\"1024\" src=\"https:\/\/bimmerle.de\/wp-content\/uploads\/2024\/03\/siegel_nachhaltig.svg\" class=\"attachment-large size-large\" alt=\"\" loading=\"lazy\" \/><\/div><\/div><div class=\"w-image align_none\"><div class=\"w-image-h\"><img decoding=\"async\" width=\"1024\" height=\"1024\" src=\"https:\/\/bimmerle.de\/wp-content\/uploads\/2024\/03\/Siegel_kompensiertes_C02.svg\" class=\"attachment-large size-large\" alt=\"\" loading=\"lazy\" \/><\/div><\/div><div class=\"w-image align_none\"><div class=\"w-image-h\"><img decoding=\"async\" width=\"1024\" height=\"1024\" src=\"https:\/\/bimmerle.de\/wp-content\/uploads\/2026\/03\/Nachhaltigkeit-Bimmerle-2026-Medaille-EN-1024x1024.png\" class=\"attachment-large size-large\" alt=\"\" loading=\"lazy\" srcset=\"https:\/\/bimmerle.de\/wp-content\/uploads\/2026\/03\/Nachhaltigkeit-Bimmerle-2026-Medaille-EN-1024x1024.png 1024w, https:\/\/bimmerle.de\/wp-content\/uploads\/2026\/03\/Nachhaltigkeit-Bimmerle-2026-Medaille-EN-300x300.png 300w, https:\/\/bimmerle.de\/wp-content\/uploads\/2026\/03\/Nachhaltigkeit-Bimmerle-2026-Medaille-EN-150x150.png 150w, https:\/\/bimmerle.de\/wp-content\/uploads\/2026\/03\/Nachhaltigkeit-Bimmerle-2026-Medaille-EN-1500x1500.png 1500w, https:\/\/bimmerle.de\/wp-content\/uploads\/2026\/03\/Nachhaltigkeit-Bimmerle-2026-Medaille-EN.png 1696w\" sizes=\"auto, (max-width: 1024px) 100vw, 1024px\" \/><\/div><\/div><\/div><div class=\"w-separator size_medium\"><\/div><div class=\"wpb_text_column us_custom_a75d44e6 has_text_color\"><div class=\"wpb_wrapper\"><div class=\"page\" title=\"Page 4\">\n<div class=\"layoutArea\">\n<div class=\"column\">\n<p>We are the <strong>first German distillery<\/strong> to cover our entire heat and energy requirements using regional resources. We\u2019re proud of this! The German Institute for Sustainability and Economy is also convinced of this. We have received the certificate for climate neutrality every year since 2022. We have been awarded organic certification every\u00a0year since 2019.<\/p>\n<\/div>\n<\/div>\n<\/div>\n<\/div><\/div><\/div><\/div><\/div><div class=\"vc_col-sm-6 wpb_column vc_column_container\"><div class=\"vc_column-inner\"><div class=\"wpb_wrapper\"><\/div><\/div><\/div><\/div><\/div><\/section><section class=\"l-section wpb_row us_custom_623ba360 height_huge full_height valign_center width_custom color_alternate with_img parallax_ver\" style=\"--site-content-width:800px;\" id=\"quality\"><div class=\"l-section-img\" role=\"img\" aria-label=\"Image\" data-img-width=\"2500\" data-img-height=\"1667\" style=\"background-image: url(https:\/\/bimmerle.de\/wp-content\/uploads\/2024\/03\/qualitaet__bg_v1.jpg);\"><\/div><div class=\"l-section-overlay\" style=\"background:linear-gradient(180deg,#000000,rgba(0,0,0,0.4265625))\"><\/div><div class=\"l-section-h i-cf\"><div class=\"g-cols vc_row via_flex valign_top type_default stacking_default\"><div class=\"vc_col-sm-12 wpb_column vc_column_container\"><div class=\"vc_column-inner\"><div class=\"wpb_wrapper\"><div class=\"wpb_text_column us_custom_9f08d527 has_text_color\"><div class=\"wpb_wrapper\"><h3>UNCOMPROMISING <span style=\"color: var(--color-content-primary);\">QUALITY<\/span><\/h3>\n<\/div><\/div><div class=\"g-cols wpb_row via_flex valign_top type_default stacking_default\"><div class=\"vc_col-sm-12 wpb_column vc_column_container\"><div class=\"vc_column-inner us_custom_60e9caca us_animate_this\"><div class=\"wpb_wrapper\"><div class=\"wpb_text_column us_custom_eb849559\"><div class=\"wpb_wrapper\"><div class=\"page\" title=\"Page 4\">\n<div class=\"layoutArea\">\n<div class=\"column\">\n<div class=\"page\" title=\"Page 5\">\n<div class=\"section\">\n<div class=\"layoutArea\">\n<div class=\"column\">\n<p><strong>Our home is a part of us<\/strong> \u2013 just as we are a part of it. That\u2019s why it is essential for us to preserve rural structures and maintain the local landscape. We love what the sunny Ortenau region has to offer. Crisp cherries, juicy mirabelle plums or the popular damson plums: these typical fruit varieties from local orchards are a key quality feature of our products \u2013 and at the same time display our clear commitment to the region.<\/p>\n<p>Our partners and suppliers are also regional companies. They think and act like us. Together we strengthen our region, create jobs and actively contribute to the development of the Ortenau economic region.<\/p>\n<\/div>\n<\/div>\n<\/div>\n<\/div>\n<\/div>\n<\/div>\n<\/div>\n<\/div><\/div><\/div><\/div><\/div><\/div><div class=\"w-separator size_large\"><\/div><div class=\"w-hwrapper valign_middle align_center\"><div class=\"w-image us_custom_d42cec86 us_animate_this align_none\"><div class=\"w-image-h\"><img decoding=\"async\" width=\"377\" height=\"377\" src=\"https:\/\/bimmerle.de\/wp-content\/uploads\/2024\/03\/double-gold_2022.png\" class=\"attachment-large size-large\" alt=\"\" loading=\"lazy\" srcset=\"https:\/\/bimmerle.de\/wp-content\/uploads\/2024\/03\/double-gold_2022.png 377w, https:\/\/bimmerle.de\/wp-content\/uploads\/2024\/03\/double-gold_2022-300x300.png 300w, https:\/\/bimmerle.de\/wp-content\/uploads\/2024\/03\/double-gold_2022-150x150.png 150w\" sizes=\"auto, (max-width: 377px) 100vw, 377px\" \/><\/div><\/div><div class=\"w-image us_custom_22dbee32 us_animate_this align_none\"><div class=\"w-image-h\"><img decoding=\"async\" width=\"380\" height=\"380\" src=\"https:\/\/bimmerle.de\/wp-content\/uploads\/2024\/03\/master_class_2022_mit.png\" class=\"attachment-large size-large\" alt=\"\" loading=\"lazy\" srcset=\"https:\/\/bimmerle.de\/wp-content\/uploads\/2024\/03\/master_class_2022_mit.png 380w, https:\/\/bimmerle.de\/wp-content\/uploads\/2024\/03\/master_class_2022_mit-300x300.png 300w, https:\/\/bimmerle.de\/wp-content\/uploads\/2024\/03\/master_class_2022_mit-150x150.png 150w\" sizes=\"auto, (max-width: 380px) 100vw, 380px\" \/><\/div><\/div><div class=\"w-image us_custom_5ebacbe9 us_animate_this align_none\"><div class=\"w-image-h\"><img decoding=\"async\" width=\"455\" height=\"455\" src=\"https:\/\/bimmerle.de\/wp-content\/uploads\/2024\/03\/dlg_logo.png\" class=\"attachment-large size-large\" alt=\"\" loading=\"lazy\" srcset=\"https:\/\/bimmerle.de\/wp-content\/uploads\/2024\/03\/dlg_logo.png 455w, https:\/\/bimmerle.de\/wp-content\/uploads\/2024\/03\/dlg_logo-300x300.png 300w, https:\/\/bimmerle.de\/wp-content\/uploads\/2024\/03\/dlg_logo-150x150.png 150w\" sizes=\"auto, (max-width: 455px) 100vw, 455px\" \/><\/div><\/div><div class=\"w-image us_custom_c3b52a9f us_animate_this align_none\"><div class=\"w-image-h\"><img decoding=\"async\" width=\"1024\" height=\"1024\" src=\"https:\/\/bimmerle.de\/wp-content\/uploads\/2024\/03\/ifs_siegel.svg\" class=\"attachment-large size-large\" alt=\"\" loading=\"lazy\" \/><\/div><\/div><\/div><\/div><\/div><\/div><\/div><\/div><\/section><section class=\"l-section wpb_row height_medium full_height valign_center width_custom with_img parallax_ver parallaxdir_reversed\" style=\"--site-content-width:1600px;\"><div class=\"l-section-img\" role=\"img\" aria-label=\"Image\" data-img-width=\"2500\" data-img-height=\"1668\" style=\"background-image: url(https:\/\/bimmerle.de\/wp-content\/uploads\/2024\/03\/qualitaet_bimmerle.webp);background-position: top center;background-repeat: no-repeat;\"><\/div><div class=\"l-section-overlay\" style=\"background:linear-gradient(275deg,rgba(0,0,0,0.2953125),rgba(0,0,0,0.55))\"><\/div><div class=\"l-section-h i-cf\"><div class=\"g-cols vc_row via_flex valign_top type_default stacking_default\"><div class=\"vc_col-sm-6 vc_col-lg-4 vc_col-md-5 wpb_column vc_column_container\"><div class=\"vc_column-inner\"><div class=\"wpb_wrapper\"><div class=\"wpb_text_column us_custom_64fc684e has_text_color\"><div class=\"wpb_wrapper\"><h3>ALWAYS <span style=\"color: var(--color-content-primary);\">IN TUNE WITH THE TIMES<\/span><\/h3>\n<\/div><\/div><div class=\"wpb_text_column us_custom_a75d44e6 has_text_color\"><div class=\"wpb_wrapper\"><div class=\"page\" title=\"Page 4\">\n<div class=\"layoutArea\">\n<div class=\"column\">\n<div class=\"page\" title=\"Page 5\">\n<div class=\"section\">\n<div class=\"layoutArea\">\n<div class=\"column\">\n<p>Our corporate identity: we combine high product quality with social responsibility and sustainable action. This is why we focus on regional products, such as local fruit varieties, minimise our energy consumption, supported by a self-sufficient distillery, and consistently invest in sustainable production processes.<\/p>\n<p>Our <strong>pioneering technology<\/strong> and our high level of vertical integration enable us to operate sustainably and efficiently. We offer the highest quality at the best price.<\/p>\n<\/div>\n<\/div>\n<\/div>\n<\/div>\n<\/div>\n<\/div>\n<\/div>\n<\/div><\/div><\/div><\/div><\/div><div class=\"vc_col-sm-6 vc_col-lg-8 vc_col-md-7 wpb_column vc_column_container\"><div class=\"vc_column-inner\"><div class=\"wpb_wrapper\"><\/div><\/div><\/div><\/div><\/div><\/section>\n","protected":false},"excerpt":{"rendered":"Our Promise Naturally Sustainable Regional heating We use biomass \u2013 a renewable raw material from the Black Forest \u2013 for all our energy requirements. We also use stone fruit pits, which are also converted into thermal energy thanks to smart technology. Heat recovery Distillation produces organic residues, which are passed on to biogas plants, which...","protected":false},"author":2,"featured_media":0,"parent":1879,"menu_order":0,"comment_status":"closed","ping_status":"closed","template":"","meta":{"_acf_changed":false,"footnotes":""},"class_list":["post-1911","page","type-page","status-publish","hentry"],"acf":[],"yoast_head":"<!-- This site is optimized with the Yoast SEO plugin v26.8 - https:\/\/yoast.com\/product\/yoast-seo-wordpress\/ -->\n<title>Responsibility - Bimmerle KG<\/title>\n<meta name=\"description\" content=\"Vom klassischen Obstbrand und Fruchtsaftlik\u00f6r der Marke L\u00d6RCH, \u00fcber NEEDLE BLACK FOREST Gin, bis hin zu WOOD STORK Spiced Rum und EVERMANN Whisky: Wir verbinden frische Ideen und Inspirationen aus der ganzen Welt mit der traditionellen Destillationskunst des Schwarzwalds.\" \/>\n<meta name=\"robots\" content=\"index, follow, max-snippet:-1, max-image-preview:large, max-video-preview:-1\" \/>\n<link rel=\"canonical\" href=\"https:\/\/bimmerle.de\/en\/company\/responsibility\/\" \/>\n<meta property=\"og:locale\" content=\"en_US\" \/>\n<meta property=\"og:type\" content=\"article\" \/>\n<meta property=\"og:title\" content=\"Responsibility - Bimmerle KG\" \/>\n<meta property=\"og:description\" content=\"Vom klassischen Obstbrand und Fruchtsaftlik\u00f6r der Marke L\u00d6RCH, \u00fcber NEEDLE BLACK FOREST Gin, bis hin zu WOOD STORK Spiced Rum und EVERMANN Whisky: Wir verbinden frische Ideen und Inspirationen aus der ganzen Welt mit der traditionellen Destillationskunst des Schwarzwalds.\" \/>\n<meta property=\"og:url\" content=\"https:\/\/bimmerle.de\/en\/company\/responsibility\/\" \/>\n<meta property=\"og:site_name\" content=\"Bimmerle KG\" \/>\n<meta property=\"article:modified_time\" content=\"2026-03-31T08:09:46+00:00\" \/>\n<meta property=\"og:image\" content=\"https:\/\/bimmerle.de\/wp-content\/uploads\/2024\/03\/bimmerle_open_graph.webp\" \/>\n\t<meta property=\"og:image:width\" content=\"2518\" \/>\n\t<meta property=\"og:image:height\" content=\"1512\" \/>\n\t<meta property=\"og:image:type\" content=\"image\/webp\" \/>\n<meta name=\"twitter:card\" content=\"summary_large_image\" \/>\n<meta name=\"twitter:label1\" content=\"Est. reading time\" \/>\n\t<meta name=\"twitter:data1\" content=\"7 minutes\" \/>\n<script type=\"application\/ld+json\" class=\"yoast-schema-graph\">{\"@context\":\"https:\/\/schema.org\",\"@graph\":[{\"@type\":\"WebPage\",\"@id\":\"https:\/\/bimmerle.de\/en\/company\/responsibility\/\",\"url\":\"https:\/\/bimmerle.de\/en\/company\/responsibility\/\",\"name\":\"Responsibility - Bimmerle KG\",\"isPartOf\":{\"@id\":\"https:\/\/bimmerle.de\/en\/#website\"},\"datePublished\":\"2024-03-06T08:17:11+00:00\",\"dateModified\":\"2026-03-31T08:09:46+00:00\",\"description\":\"Vom klassischen Obstbrand und Fruchtsaftlik\u00f6r der Marke L\u00d6RCH, \u00fcber NEEDLE BLACK FOREST Gin, bis hin zu WOOD STORK Spiced Rum und EVERMANN Whisky: Wir verbinden frische Ideen und Inspirationen aus der ganzen Welt mit der traditionellen Destillationskunst des Schwarzwalds.\",\"breadcrumb\":{\"@id\":\"https:\/\/bimmerle.de\/en\/company\/responsibility\/#breadcrumb\"},\"inLanguage\":\"en-US\",\"potentialAction\":[{\"@type\":\"ReadAction\",\"target\":[\"https:\/\/bimmerle.de\/en\/company\/responsibility\/\"]}]},{\"@type\":\"BreadcrumbList\",\"@id\":\"https:\/\/bimmerle.de\/en\/company\/responsibility\/#breadcrumb\",\"itemListElement\":[{\"@type\":\"ListItem\",\"position\":1,\"name\":\"Startseite\",\"item\":\"https:\/\/bimmerle.de\/en\/\"},{\"@type\":\"ListItem\",\"position\":2,\"name\":\"Company\",\"item\":\"https:\/\/bimmerle.de\/en\/company\/\"},{\"@type\":\"ListItem\",\"position\":3,\"name\":\"Responsibility\"}]},{\"@type\":\"WebSite\",\"@id\":\"https:\/\/bimmerle.de\/en\/#website\",\"url\":\"https:\/\/bimmerle.de\/en\/\",\"name\":\"Bimmerle KG\",\"description\":\"Spirits &amp; Brands\",\"publisher\":{\"@id\":\"https:\/\/bimmerle.de\/en\/#organization\"},\"potentialAction\":[{\"@type\":\"SearchAction\",\"target\":{\"@type\":\"EntryPoint\",\"urlTemplate\":\"https:\/\/bimmerle.de\/en\/?s={search_term_string}\"},\"query-input\":{\"@type\":\"PropertyValueSpecification\",\"valueRequired\":true,\"valueName\":\"search_term_string\"}}],\"inLanguage\":\"en-US\"},{\"@type\":\"Organization\",\"@id\":\"https:\/\/bimmerle.de\/en\/#organization\",\"name\":\"Bimmerle KG\",\"url\":\"https:\/\/bimmerle.de\/en\/\",\"logo\":{\"@type\":\"ImageObject\",\"inLanguage\":\"en-US\",\"@id\":\"https:\/\/bimmerle.de\/en\/#\/schema\/logo\/image\/\",\"url\":\"https:\/\/bimmerle.de\/wp-content\/uploads\/2024\/01\/bimmerle-private-distillery_logo.svg\",\"contentUrl\":\"https:\/\/bimmerle.de\/wp-content\/uploads\/2024\/01\/bimmerle-private-distillery_logo.svg\",\"width\":\"1024\",\"height\":\"1024\",\"caption\":\"Bimmerle KG\"},\"image\":{\"@id\":\"https:\/\/bimmerle.de\/en\/#\/schema\/logo\/image\/\"},\"sameAs\":[\"https:\/\/www.instagram.com\/bimmerle.private.distillery\/\",\"https:\/\/de.linkedin.com\/company\/bimmerle-kg\"]}]}<\/script>\n<!-- \/ Yoast SEO plugin. -->","yoast_head_json":{"title":"Responsibility - Bimmerle KG","description":"Vom klassischen Obstbrand und Fruchtsaftlik\u00f6r der Marke L\u00d6RCH, \u00fcber NEEDLE BLACK FOREST Gin, bis hin zu WOOD STORK Spiced Rum und EVERMANN Whisky: Wir verbinden frische Ideen und Inspirationen aus der ganzen Welt mit der traditionellen Destillationskunst des Schwarzwalds.","robots":{"index":"index","follow":"follow","max-snippet":"max-snippet:-1","max-image-preview":"max-image-preview:large","max-video-preview":"max-video-preview:-1"},"canonical":"https:\/\/bimmerle.de\/en\/company\/responsibility\/","og_locale":"en_US","og_type":"article","og_title":"Responsibility - Bimmerle KG","og_description":"Vom klassischen Obstbrand und Fruchtsaftlik\u00f6r der Marke L\u00d6RCH, \u00fcber NEEDLE BLACK FOREST Gin, bis hin zu WOOD STORK Spiced Rum und EVERMANN Whisky: Wir verbinden frische Ideen und Inspirationen aus der ganzen Welt mit der traditionellen Destillationskunst des Schwarzwalds.","og_url":"https:\/\/bimmerle.de\/en\/company\/responsibility\/","og_site_name":"Bimmerle KG","article_modified_time":"2026-03-31T08:09:46+00:00","og_image":[{"width":2518,"height":1512,"url":"https:\/\/bimmerle.de\/wp-content\/uploads\/2024\/03\/bimmerle_open_graph.webp","type":"image\/webp"}],"twitter_card":"summary_large_image","twitter_misc":{"Est. reading time":"7 minutes"},"schema":{"@context":"https:\/\/schema.org","@graph":[{"@type":"WebPage","@id":"https:\/\/bimmerle.de\/en\/company\/responsibility\/","url":"https:\/\/bimmerle.de\/en\/company\/responsibility\/","name":"Responsibility - Bimmerle KG","isPartOf":{"@id":"https:\/\/bimmerle.de\/en\/#website"},"datePublished":"2024-03-06T08:17:11+00:00","dateModified":"2026-03-31T08:09:46+00:00","description":"Vom klassischen Obstbrand und Fruchtsaftlik\u00f6r der Marke L\u00d6RCH, \u00fcber NEEDLE BLACK FOREST Gin, bis hin zu WOOD STORK Spiced Rum und EVERMANN Whisky: Wir verbinden frische Ideen und Inspirationen aus der ganzen Welt mit der traditionellen Destillationskunst des Schwarzwalds.","breadcrumb":{"@id":"https:\/\/bimmerle.de\/en\/company\/responsibility\/#breadcrumb"},"inLanguage":"en-US","potentialAction":[{"@type":"ReadAction","target":["https:\/\/bimmerle.de\/en\/company\/responsibility\/"]}]},{"@type":"BreadcrumbList","@id":"https:\/\/bimmerle.de\/en\/company\/responsibility\/#breadcrumb","itemListElement":[{"@type":"ListItem","position":1,"name":"Startseite","item":"https:\/\/bimmerle.de\/en\/"},{"@type":"ListItem","position":2,"name":"Company","item":"https:\/\/bimmerle.de\/en\/company\/"},{"@type":"ListItem","position":3,"name":"Responsibility"}]},{"@type":"WebSite","@id":"https:\/\/bimmerle.de\/en\/#website","url":"https:\/\/bimmerle.de\/en\/","name":"Bimmerle KG","description":"Spirits &amp; Brands","publisher":{"@id":"https:\/\/bimmerle.de\/en\/#organization"},"potentialAction":[{"@type":"SearchAction","target":{"@type":"EntryPoint","urlTemplate":"https:\/\/bimmerle.de\/en\/?s={search_term_string}"},"query-input":{"@type":"PropertyValueSpecification","valueRequired":true,"valueName":"search_term_string"}}],"inLanguage":"en-US"},{"@type":"Organization","@id":"https:\/\/bimmerle.de\/en\/#organization","name":"Bimmerle KG","url":"https:\/\/bimmerle.de\/en\/","logo":{"@type":"ImageObject","inLanguage":"en-US","@id":"https:\/\/bimmerle.de\/en\/#\/schema\/logo\/image\/","url":"https:\/\/bimmerle.de\/wp-content\/uploads\/2024\/01\/bimmerle-private-distillery_logo.svg","contentUrl":"https:\/\/bimmerle.de\/wp-content\/uploads\/2024\/01\/bimmerle-private-distillery_logo.svg","width":"1024","height":"1024","caption":"Bimmerle KG"},"image":{"@id":"https:\/\/bimmerle.de\/en\/#\/schema\/logo\/image\/"},"sameAs":["https:\/\/www.instagram.com\/bimmerle.private.distillery\/","https:\/\/de.linkedin.com\/company\/bimmerle-kg"]}]}},"_links":{"self":[{"href":"https:\/\/bimmerle.de\/en\/wp-json\/wp\/v2\/pages\/1911","targetHints":{"allow":["GET"]}}],"collection":[{"href":"https:\/\/bimmerle.de\/en\/wp-json\/wp\/v2\/pages"}],"about":[{"href":"https:\/\/bimmerle.de\/en\/wp-json\/wp\/v2\/types\/page"}],"author":[{"embeddable":true,"href":"https:\/\/bimmerle.de\/en\/wp-json\/wp\/v2\/users\/2"}],"replies":[{"embeddable":true,"href":"https:\/\/bimmerle.de\/en\/wp-json\/wp\/v2\/comments?post=1911"}],"version-history":[{"count":9,"href":"https:\/\/bimmerle.de\/en\/wp-json\/wp\/v2\/pages\/1911\/revisions"}],"predecessor-version":[{"id":21455,"href":"https:\/\/bimmerle.de\/en\/wp-json\/wp\/v2\/pages\/1911\/revisions\/21455"}],"up":[{"embeddable":true,"href":"https:\/\/bimmerle.de\/en\/wp-json\/wp\/v2\/pages\/1879"}],"wp:attachment":[{"href":"https:\/\/bimmerle.de\/en\/wp-json\/wp\/v2\/media?parent=1911"}],"curies":[{"name":"wp","href":"https:\/\/api.w.org\/{rel}","templated":true}]}}