{"id":1862,"date":"2024-03-05T12:29:38","date_gmt":"2024-03-05T11:29:38","guid":{"rendered":"https:\/\/staging.bimmerle.de\/?page_id=1862"},"modified":"2026-03-23T08:53:21","modified_gmt":"2026-03-23T07:53:21","slug":"downloads","status":"publish","type":"page","link":"https:\/\/bimmerle.de\/en\/downloads\/","title":{"rendered":"Downloads"},"content":{"rendered":"<section class=\"l-section wpb_row height_huge full_height valign_top width_custom color_footer-top with_img\" style=\"--site-content-width:1600px;\"><div class=\"l-section-img\" role=\"img\" aria-label=\"Image\" data-img-width=\"2048\" data-img-height=\"2560\" style=\"background-image: url(https:\/\/bimmerle.de\/wp-content\/uploads\/2024\/02\/black_forest_bg_3_long-scaled.webp);\"><\/div><div class=\"l-section-overlay\" style=\"background:linear-gradient(5deg,rgba(43,44,54,0.67294921875),rgba(0,0,0,0.69169921875))\"><\/div><div class=\"l-section-h i-cf\"><div class=\"g-cols vc_row via_flex valign_top type_default stacking_default\"><div class=\"vc_col-sm-12 wpb_column vc_column_container\"><div class=\"vc_column-inner\"><div class=\"wpb_wrapper\"><div class=\"wpb_text_column us_custom_345c8b9d has_text_color\"><div class=\"wpb_wrapper\"><h1><span style=\"color: var(--color-content-primary);\">Fact<\/span>sheets<\/h1>\n<\/div><\/div><div class=\"w-separator size_huge\"><\/div><div class=\"w-tabs us_custom_8b3d6790 has_text_color style_default switch_click accordion has_scrolling\" style=\"--sections-title-size:inherit\"><div class=\"w-tabs-sections titles-align_none icon_chevron cpos_right\"><div class=\"w-tabs-section\" id=\"i4f5\"><button class=\"w-tabs-section-header\" aria-controls=\"content-i4f5\" aria-expanded=\"false\"><h6 class=\"w-tabs-section-title\">Image brochure<\/h6><div class=\"w-tabs-section-control\"><\/div><\/button><div  class=\"w-tabs-section-content\" id=\"content-i4f5\"><div class=\"w-tabs-section-content-h i-cf\"><div class=\"w-text icon_atleft\"><a target=\"_blank\" href=\"\/wp-content\/uploads\/2025\/02\/Imagebroschure_Bimmerle_GB_lq.pdf\" class=\"w-text-h\"><i class=\"fas fa-file-pdf\"><\/i><span class=\"w-text-value\">Image brochure<\/span><\/a><\/div><\/div><\/div><\/div><div class=\"w-tabs-section has_text_color\" id=\"rad2\"><button class=\"w-tabs-section-header\" aria-controls=\"content-rad2\" aria-expanded=\"false\"><h6 class=\"w-tabs-section-title\">L\u00f6rch &#8211; Die Marke aus dem Schwarzwald<\/h6><div class=\"w-tabs-section-control\"><\/div><\/button><div  class=\"w-tabs-section-content us_custom_df5f4c97\" id=\"content-rad2\"><div class=\"w-tabs-section-content-h i-cf\"><div class=\"w-text icon_atleft\"><a target=\"_blank\" href=\"\/wp-content\/uploads\/2025\/03\/Bimmerle_Loerch_Likoere_EN.pdf\" class=\"w-text-h\"><i class=\"fas fa-file-pdf\"><\/i><span class=\"w-text-value\">Factsheet L\u00f6rch fruit juice liqueurs<\/span><\/a><\/div><div class=\"w-text icon_atleft\"><a target=\"_blank\" href=\"\/wp-content\/uploads\/2025\/03\/Bimmerle_Loerch_Obstbraende_Alle_EN.pdf\" class=\"w-text-h\"><i class=\"fas fa-file-pdf\"><\/i><span class=\"w-text-value\">Factsheet L\u00f6rch fruit brandy<\/span><\/a><\/div><div class=\"w-text icon_atleft\"><a target=\"_blank\" href=\"\/wp-content\/uploads\/2025\/03\/Bimmerle_Loerch_Holzfass_EN.pdf\" class=\"w-text-h\"><i class=\"fas fa-file-pdf\"><\/i><span class=\"w-text-value\">Factsheet L\u00f6rch barrel-aged fruit brandy<\/span><\/a><\/div><\/div><\/div><\/div><div class=\"w-tabs-section\" id=\"f826\"><button class=\"w-tabs-section-header\" aria-controls=\"content-f826\" aria-expanded=\"false\"><h6 class=\"w-tabs-section-title\">Needle Blackforest Gin<\/h6><div class=\"w-tabs-section-control\"><\/div><\/button><div  class=\"w-tabs-section-content\" id=\"content-f826\"><div class=\"w-tabs-section-content-h i-cf\"><div class=\"w-text icon_atleft\"><a target=\"_blank\" href=\"\/wp-content\/uploads\/2025\/03\/Bimmerle_Needle_Masterpiece_EN.pdf\" class=\"w-text-h\"><i class=\"fas fa-file-pdf\"><\/i><span class=\"w-text-value\">Factsheet Needle Blackforest Gin Masterpiece<\/span><\/a><\/div><div class=\"w-text icon_atleft\"><a target=\"_blank\" href=\"\/wp-content\/uploads\/2025\/03\/Bimmerle_Needle_Dry_Gin_EN.pdf\" class=\"w-text-h\"><i class=\"fas fa-file-pdf\"><\/i><span class=\"w-text-value\">Factsheet Needle Blackforest Dry Gin<\/span><\/a><\/div><div class=\"w-text icon_atleft\"><a target=\"_blank\" href=\"\/wp-content\/uploads\/2025\/03\/Bimmerle-Needle-Alkoholfrei_EN.pdf\" class=\"w-text-h\"><i class=\"fas fa-file-pdf\"><\/i><span class=\"w-text-value\">Factsheet Needle Blackforest alcohol-free<\/span><\/a><\/div><div class=\"w-text icon_atleft\"><a target=\"_blank\" href=\"\/wp-content\/uploads\/2025\/03\/Bimmerle-Needle-Rose_EN.pdf\" class=\"w-text-h\"><i class=\"fas fa-file-pdf\"><\/i><span class=\"w-text-value\">Factsheet Needle Ros\u00e9 Gin<\/span><\/a><\/div><div class=\"w-text icon_atleft\"><a target=\"_blank\" href=\"\/wp-content\/uploads\/2025\/03\/Bimmerle-Needle-The-Great-Green_EN.pdf\" class=\"w-text-h\"><i class=\"fas fa-file-pdf\"><\/i><span class=\"w-text-value\">Factsheet Needle The Great Green Gin<\/span><\/a><\/div><div class=\"w-text icon_atleft\"><a target=\"_blank\" href=\"\/wp-content\/uploads\/2025\/03\/Bimmerle_Needle_Dose_EN.pdf\" class=\"w-text-h\"><i class=\"fas fa-file-pdf\"><\/i><span class=\"w-text-value\">Factsheet Needle Blackforest Gin can<\/span><\/a><\/div><div class=\"w-text icon_atleft\"><a target=\"_blank\" href=\"\/wp-content\/uploads\/2025\/03\/Bimmerle-Needle-Alkoholfrei-Tonic_EN.pdf\" class=\"w-text-h\"><i class=\"fas fa-file-pdf\"><\/i><span class=\"w-text-value\">Factsheet Needle Blackforest alcohol-free tonic can<\/span><\/a><\/div><div class=\"w-text icon_atleft\"><a target=\"_blank\" href=\"\/wp-content\/uploads\/2025\/03\/Bimmerle-Needle-Rose-Gin-Tonic_EN.pdf\" class=\"w-text-h\"><i class=\"fas fa-file-pdf\"><\/i><span class=\"w-text-value\">Factsheet Needle Ros\u00e9 Gin Tonic can<\/span><\/a><\/div><\/div><\/div><\/div><div class=\"w-tabs-section\" id=\"ac70\"><button class=\"w-tabs-section-header\" aria-controls=\"content-ac70\" aria-expanded=\"false\"><h6 class=\"w-tabs-section-title\">Wood Stork Spiced Rum &amp; White &amp; Aged<\/h6><div class=\"w-tabs-section-control\"><\/div><\/button><div  class=\"w-tabs-section-content\" id=\"content-ac70\"><div class=\"w-tabs-section-content-h i-cf\"><div class=\"w-text icon_atleft\"><a target=\"_blank\" href=\"https:\/\/bimmerle.de\/wp-content\/uploads\/2026\/03\/Bimmerle_WoodStork_Spiced_EN_Factsheet_web.pdf\" class=\"w-text-h\"><i class=\"fas fa-file-pdf\"><\/i><span class=\"w-text-value\">Factsheet Wood Stork Spiced Rum<\/span><\/a><\/div><div class=\"w-text icon_atleft\"><a target=\"_blank\" href=\"https:\/\/bimmerle.de\/wp-content\/uploads\/2026\/03\/Bimmerle_WoodStork_WhiteRum_EN_Factsheet_web.pdf\" class=\"w-text-h\"><i class=\"fas fa-file-pdf\"><\/i><span class=\"w-text-value\">Factsheet Wood Stork White<\/span><\/a><\/div><div class=\"w-text icon_atleft\"><a target=\"_blank\" href=\"https:\/\/bimmerle.de\/wp-content\/uploads\/2026\/03\/Bimmerle_WoodStork_AgedRum_EN_Factsheet_web.pdf\" class=\"w-text-h\"><i class=\"fas fa-file-pdf\"><\/i><span class=\"w-text-value\">Factsheet Wood Stork Aged<\/span><\/a><\/div><\/div><\/div><\/div><div class=\"w-tabs-section\" id=\"wfd7\"><button class=\"w-tabs-section-header\" aria-controls=\"content-wfd7\" aria-expanded=\"false\"><h6 class=\"w-tabs-section-title\">Evermann Black Forest Whisky<\/h6><div class=\"w-tabs-section-control\"><\/div><\/button><div  class=\"w-tabs-section-content\" id=\"content-wfd7\"><div class=\"w-tabs-section-content-h i-cf\"><div class=\"w-text\"><a href=\"\/wp-content\/uploads\/2025\/03\/Bimmerle_Evermann_Wilhelm_EN.pdf\" class=\"w-text-h\"><span class=\"w-text-value\">Factsheet Evermann Black Forest Whisky Wilhelm<\/span><\/a><\/div><div class=\"w-text\"><a href=\"\/wp-content\/uploads\/2025\/03\/Bimmerle_Evermann_Theo_EN.pdf\" class=\"w-text-h\"><span class=\"w-text-value\">Factsheet Evermann Black Forest Whisky Theo<\/span><\/a><\/div><\/div><\/div><\/div><div class=\"w-tabs-section\" id=\"fa0b\"><button class=\"w-tabs-section-header\" aria-controls=\"content-fa0b\" aria-expanded=\"false\"><h6 class=\"w-tabs-section-title\">Don Pasquale<\/h6><div class=\"w-tabs-section-control\"><\/div><\/button><div  class=\"w-tabs-section-content\" id=\"content-fa0b\"><div class=\"w-tabs-section-content-h i-cf\"><div class=\"w-text icon_atleft\"><a target=\"_blank\" href=\"\/wp-content\/uploads\/2025\/03\/Bimmerle_Don_Pasquale_Limoncello_EN.pdf\" class=\"w-text-h\"><i class=\"fas fa-file-pdf\"><\/i><span class=\"w-text-value\">Factsheet Don Pasquale Limoncello<\/span><\/a><\/div><div class=\"w-text icon_atleft\"><a target=\"_blank\" href=\"\/wp-content\/uploads\/2025\/03\/Bimmerle_Don_Pasquale_Aperitivo_EN.pdf\" class=\"w-text-h\"><i class=\"fas fa-file-pdf\"><\/i><span class=\"w-text-value\">Factsheet Don Pasquale Aperitivo<\/span><\/a><\/div><div class=\"w-text icon_atleft\"><a target=\"_blank\" href=\"https:\/\/bimmerle.de\/wp-content\/uploads\/2025\/12\/Bimmerle_Don_Pasquale_Aperitivo_Alkoholfrei_Factsheet_EN_web.pdf\" class=\"w-text-h\"><i class=\"fas fa-file-pdf\"><\/i><span class=\"w-text-value\">Factsheet Don Pasquale Aperitivo 0,0 % non-alcoholic<\/span><\/a><\/div><div class=\"w-text icon_atleft\"><a target=\"_blank\" href=\"\/wp-content\/uploads\/2025\/03\/Bimmerle_Don_Pasquale_EspressoMartini_EN.pdf\" class=\"w-text-h\"><i class=\"fas fa-file-pdf\"><\/i><span class=\"w-text-value\">Factsheet Don Pasquale Espresso Martini<\/span><\/a><\/div><div class=\"w-text icon_atleft\"><a target=\"_blank\" href=\"\/wp-content\/uploads\/2025\/03\/Bimmerle_Don_Pasquale_Nocciola_EN.pdf\" class=\"w-text-h\"><i class=\"fas fa-file-pdf\"><\/i><span class=\"w-text-value\">Factsheet Don Pasquale Nocciola<\/span><\/a><\/div><div class=\"w-text icon_atleft\"><a target=\"_blank\" href=\"\/wp-content\/uploads\/2025\/03\/Bimmerle_Don_Pasquale_Pistacchio_EN.pdf\" class=\"w-text-h\"><i class=\"fas fa-file-pdf\"><\/i><span class=\"w-text-value\">Factsheet Don Pasquale Pistacchio<\/span><\/a><\/div><\/div><\/div><\/div><div class=\"w-tabs-section\" id=\"sbfe\"><button class=\"w-tabs-section-header\" aria-controls=\"content-sbfe\" aria-expanded=\"false\"><h6 class=\"w-tabs-section-title\">Label 5<\/h6><div class=\"w-tabs-section-control\"><\/div><\/button><div  class=\"w-tabs-section-content\" id=\"content-sbfe\"><div class=\"w-tabs-section-content-h i-cf\"><div class=\"w-text icon_atleft\"><a target=\"_blank\" href=\"\/wp-content\/uploads\/2025\/03\/Bimmerle_Label5_Classic_Black_EN.pdf\" class=\"w-text-h\"><i class=\"fas fa-file-pdf\"><\/i><span class=\"w-text-value\">Factsheet Label 5 Blended Scotch Whisky<\/span><\/a><\/div><\/div><\/div><\/div><div class=\"w-tabs-section\" id=\"edeb\"><button class=\"w-tabs-section-header\" aria-controls=\"content-edeb\" aria-expanded=\"false\"><h6 class=\"w-tabs-section-title\">Pure V Vodka<\/h6><div class=\"w-tabs-section-control\"><\/div><\/button><div  class=\"w-tabs-section-content\" id=\"content-edeb\"><div class=\"w-tabs-section-content-h i-cf\"><div class=\"w-text\"><a href=\"\/wp-content\/uploads\/2025\/03\/PVREV_Produktfolder_EN.pdf\" class=\"w-text-h\"><span class=\"w-text-value\">Factsheet PVRE V Vodka<\/span><\/a><\/div><\/div><\/div><\/div><div class=\"w-tabs-section\" id=\"w0f4\"><button class=\"w-tabs-section-header\" aria-controls=\"content-w0f4\" aria-expanded=\"false\"><h6 class=\"w-tabs-section-title\">Tanner&#8217;s Creek<\/h6><div class=\"w-tabs-section-control\"><\/div><\/button><div  class=\"w-tabs-section-content\" id=\"content-w0f4\"><div class=\"w-tabs-section-content-h i-cf\"><div class=\"w-text\"><a href=\"https:\/\/bimmerle.de\/wp-content\/uploads\/2026\/03\/Bimmerle_TannersCreek_BourbonWhiskey_Factsheet_EN_high-1.pdf\" class=\"w-text-h\"><span class=\"w-text-value\">Factsheet Tanner&#8217;s Creek<\/span><\/a><\/div><\/div><\/div><\/div><\/div><\/div><\/div><\/div><\/div><\/div><\/div><\/section>\n","protected":false},"excerpt":{"rendered":"Factsheets Image brochureImage brochureL\u00f6rch &#8211; Die Marke aus dem SchwarzwaldFactsheet L\u00f6rch fruit juice liqueursFactsheet L\u00f6rch fruit brandyFactsheet L\u00f6rch barrel-aged fruit brandyNeedle Blackforest GinFactsheet Needle Blackforest Gin MasterpieceFactsheet Needle Blackforest Dry GinFactsheet Needle Blackforest alcohol-freeFactsheet Needle Ros\u00e9 GinFactsheet Needle The Great Green GinFactsheet Needle Blackforest Gin canFactsheet Needle Blackforest alcohol-free tonic canFactsheet Needle Ros\u00e9 Gin Tonic...","protected":false},"author":1,"featured_media":0,"parent":0,"menu_order":0,"comment_status":"closed","ping_status":"closed","template":"","meta":{"_acf_changed":false,"footnotes":""},"class_list":["post-1862","page","type-page","status-publish","hentry"],"acf":[],"yoast_head":"<!-- This site is optimized with the Yoast SEO plugin v26.8 - https:\/\/yoast.com\/product\/yoast-seo-wordpress\/ -->\n<title>Downloads - Bimmerle KG<\/title>\n<meta name=\"description\" content=\"Vom klassischen Obstbrand und Fruchtsaftlik\u00f6r der Marke L\u00d6RCH, \u00fcber NEEDLE BLACK FOREST Gin, bis hin zu WOOD STORK Spiced Rum und EVERMANN Whisky: Wir verbinden frische Ideen und Inspirationen aus der ganzen Welt mit der traditionellen Destillationskunst des Schwarzwalds.\" \/>\n<meta name=\"robots\" content=\"index, follow, max-snippet:-1, max-image-preview:large, max-video-preview:-1\" \/>\n<link rel=\"canonical\" href=\"https:\/\/bimmerle.de\/en\/downloads\/\" \/>\n<meta property=\"og:locale\" content=\"en_US\" \/>\n<meta property=\"og:type\" content=\"article\" \/>\n<meta property=\"og:title\" content=\"Downloads - Bimmerle KG\" \/>\n<meta property=\"og:description\" content=\"Vom klassischen Obstbrand und Fruchtsaftlik\u00f6r der Marke L\u00d6RCH, \u00fcber NEEDLE BLACK FOREST Gin, bis hin zu WOOD STORK Spiced Rum und EVERMANN Whisky: Wir verbinden frische Ideen und Inspirationen aus der ganzen Welt mit der traditionellen Destillationskunst des Schwarzwalds.\" \/>\n<meta property=\"og:url\" content=\"https:\/\/bimmerle.de\/en\/downloads\/\" \/>\n<meta property=\"og:site_name\" content=\"Bimmerle KG\" \/>\n<meta property=\"article:modified_time\" content=\"2026-03-23T07:53:21+00:00\" \/>\n<meta property=\"og:image\" content=\"https:\/\/bimmerle.de\/wp-content\/uploads\/2024\/03\/bimmerle_open_graph.webp\" \/>\n\t<meta property=\"og:image:width\" content=\"2518\" \/>\n\t<meta property=\"og:image:height\" content=\"1512\" \/>\n\t<meta property=\"og:image:type\" content=\"image\/webp\" \/>\n<meta name=\"twitter:card\" content=\"summary_large_image\" \/>\n<meta name=\"twitter:label1\" content=\"Est. reading time\" \/>\n\t<meta name=\"twitter:data1\" content=\"5 minutes\" \/>\n<script type=\"application\/ld+json\" class=\"yoast-schema-graph\">{\"@context\":\"https:\/\/schema.org\",\"@graph\":[{\"@type\":\"WebPage\",\"@id\":\"https:\/\/bimmerle.de\/en\/downloads\/\",\"url\":\"https:\/\/bimmerle.de\/en\/downloads\/\",\"name\":\"Downloads - Bimmerle KG\",\"isPartOf\":{\"@id\":\"https:\/\/bimmerle.de\/en\/#website\"},\"datePublished\":\"2024-03-05T11:29:38+00:00\",\"dateModified\":\"2026-03-23T07:53:21+00:00\",\"description\":\"Vom klassischen Obstbrand und Fruchtsaftlik\u00f6r der Marke L\u00d6RCH, \u00fcber NEEDLE BLACK FOREST Gin, bis hin zu WOOD STORK Spiced Rum und EVERMANN Whisky: Wir verbinden frische Ideen und Inspirationen aus der ganzen Welt mit der traditionellen Destillationskunst des Schwarzwalds.\",\"breadcrumb\":{\"@id\":\"https:\/\/bimmerle.de\/en\/downloads\/#breadcrumb\"},\"inLanguage\":\"en-US\",\"potentialAction\":[{\"@type\":\"ReadAction\",\"target\":[\"https:\/\/bimmerle.de\/en\/downloads\/\"]}]},{\"@type\":\"BreadcrumbList\",\"@id\":\"https:\/\/bimmerle.de\/en\/downloads\/#breadcrumb\",\"itemListElement\":[{\"@type\":\"ListItem\",\"position\":1,\"name\":\"Startseite\",\"item\":\"https:\/\/bimmerle.de\/en\/\"},{\"@type\":\"ListItem\",\"position\":2,\"name\":\"Downloads\"}]},{\"@type\":\"WebSite\",\"@id\":\"https:\/\/bimmerle.de\/en\/#website\",\"url\":\"https:\/\/bimmerle.de\/en\/\",\"name\":\"Bimmerle KG\",\"description\":\"Spirits &amp; Brands\",\"publisher\":{\"@id\":\"https:\/\/bimmerle.de\/en\/#organization\"},\"potentialAction\":[{\"@type\":\"SearchAction\",\"target\":{\"@type\":\"EntryPoint\",\"urlTemplate\":\"https:\/\/bimmerle.de\/en\/?s={search_term_string}\"},\"query-input\":{\"@type\":\"PropertyValueSpecification\",\"valueRequired\":true,\"valueName\":\"search_term_string\"}}],\"inLanguage\":\"en-US\"},{\"@type\":\"Organization\",\"@id\":\"https:\/\/bimmerle.de\/en\/#organization\",\"name\":\"Bimmerle KG\",\"url\":\"https:\/\/bimmerle.de\/en\/\",\"logo\":{\"@type\":\"ImageObject\",\"inLanguage\":\"en-US\",\"@id\":\"https:\/\/bimmerle.de\/en\/#\/schema\/logo\/image\/\",\"url\":\"https:\/\/bimmerle.de\/wp-content\/uploads\/2024\/01\/bimmerle-private-distillery_logo.svg\",\"contentUrl\":\"https:\/\/bimmerle.de\/wp-content\/uploads\/2024\/01\/bimmerle-private-distillery_logo.svg\",\"width\":\"1024\",\"height\":\"1024\",\"caption\":\"Bimmerle KG\"},\"image\":{\"@id\":\"https:\/\/bimmerle.de\/en\/#\/schema\/logo\/image\/\"},\"sameAs\":[\"https:\/\/www.instagram.com\/bimmerle.private.distillery\/\",\"https:\/\/de.linkedin.com\/company\/bimmerle-kg\"]}]}<\/script>\n<!-- \/ Yoast SEO plugin. -->","yoast_head_json":{"title":"Downloads - Bimmerle KG","description":"Vom klassischen Obstbrand und Fruchtsaftlik\u00f6r der Marke L\u00d6RCH, \u00fcber NEEDLE BLACK FOREST Gin, bis hin zu WOOD STORK Spiced Rum und EVERMANN Whisky: Wir verbinden frische Ideen und Inspirationen aus der ganzen Welt mit der traditionellen Destillationskunst des Schwarzwalds.","robots":{"index":"index","follow":"follow","max-snippet":"max-snippet:-1","max-image-preview":"max-image-preview:large","max-video-preview":"max-video-preview:-1"},"canonical":"https:\/\/bimmerle.de\/en\/downloads\/","og_locale":"en_US","og_type":"article","og_title":"Downloads - Bimmerle KG","og_description":"Vom klassischen Obstbrand und Fruchtsaftlik\u00f6r der Marke L\u00d6RCH, \u00fcber NEEDLE BLACK FOREST Gin, bis hin zu WOOD STORK Spiced Rum und EVERMANN Whisky: Wir verbinden frische Ideen und Inspirationen aus der ganzen Welt mit der traditionellen Destillationskunst des Schwarzwalds.","og_url":"https:\/\/bimmerle.de\/en\/downloads\/","og_site_name":"Bimmerle KG","article_modified_time":"2026-03-23T07:53:21+00:00","og_image":[{"width":2518,"height":1512,"url":"https:\/\/bimmerle.de\/wp-content\/uploads\/2024\/03\/bimmerle_open_graph.webp","type":"image\/webp"}],"twitter_card":"summary_large_image","twitter_misc":{"Est. reading time":"5 minutes"},"schema":{"@context":"https:\/\/schema.org","@graph":[{"@type":"WebPage","@id":"https:\/\/bimmerle.de\/en\/downloads\/","url":"https:\/\/bimmerle.de\/en\/downloads\/","name":"Downloads - Bimmerle KG","isPartOf":{"@id":"https:\/\/bimmerle.de\/en\/#website"},"datePublished":"2024-03-05T11:29:38+00:00","dateModified":"2026-03-23T07:53:21+00:00","description":"Vom klassischen Obstbrand und Fruchtsaftlik\u00f6r der Marke L\u00d6RCH, \u00fcber NEEDLE BLACK FOREST Gin, bis hin zu WOOD STORK Spiced Rum und EVERMANN Whisky: Wir verbinden frische Ideen und Inspirationen aus der ganzen Welt mit der traditionellen Destillationskunst des Schwarzwalds.","breadcrumb":{"@id":"https:\/\/bimmerle.de\/en\/downloads\/#breadcrumb"},"inLanguage":"en-US","potentialAction":[{"@type":"ReadAction","target":["https:\/\/bimmerle.de\/en\/downloads\/"]}]},{"@type":"BreadcrumbList","@id":"https:\/\/bimmerle.de\/en\/downloads\/#breadcrumb","itemListElement":[{"@type":"ListItem","position":1,"name":"Startseite","item":"https:\/\/bimmerle.de\/en\/"},{"@type":"ListItem","position":2,"name":"Downloads"}]},{"@type":"WebSite","@id":"https:\/\/bimmerle.de\/en\/#website","url":"https:\/\/bimmerle.de\/en\/","name":"Bimmerle KG","description":"Spirits &amp; Brands","publisher":{"@id":"https:\/\/bimmerle.de\/en\/#organization"},"potentialAction":[{"@type":"SearchAction","target":{"@type":"EntryPoint","urlTemplate":"https:\/\/bimmerle.de\/en\/?s={search_term_string}"},"query-input":{"@type":"PropertyValueSpecification","valueRequired":true,"valueName":"search_term_string"}}],"inLanguage":"en-US"},{"@type":"Organization","@id":"https:\/\/bimmerle.de\/en\/#organization","name":"Bimmerle KG","url":"https:\/\/bimmerle.de\/en\/","logo":{"@type":"ImageObject","inLanguage":"en-US","@id":"https:\/\/bimmerle.de\/en\/#\/schema\/logo\/image\/","url":"https:\/\/bimmerle.de\/wp-content\/uploads\/2024\/01\/bimmerle-private-distillery_logo.svg","contentUrl":"https:\/\/bimmerle.de\/wp-content\/uploads\/2024\/01\/bimmerle-private-distillery_logo.svg","width":"1024","height":"1024","caption":"Bimmerle KG"},"image":{"@id":"https:\/\/bimmerle.de\/en\/#\/schema\/logo\/image\/"},"sameAs":["https:\/\/www.instagram.com\/bimmerle.private.distillery\/","https:\/\/de.linkedin.com\/company\/bimmerle-kg"]}]}},"_links":{"self":[{"href":"https:\/\/bimmerle.de\/en\/wp-json\/wp\/v2\/pages\/1862","targetHints":{"allow":["GET"]}}],"collection":[{"href":"https:\/\/bimmerle.de\/en\/wp-json\/wp\/v2\/pages"}],"about":[{"href":"https:\/\/bimmerle.de\/en\/wp-json\/wp\/v2\/types\/page"}],"author":[{"embeddable":true,"href":"https:\/\/bimmerle.de\/en\/wp-json\/wp\/v2\/users\/1"}],"replies":[{"embeddable":true,"href":"https:\/\/bimmerle.de\/en\/wp-json\/wp\/v2\/comments?post=1862"}],"version-history":[{"count":17,"href":"https:\/\/bimmerle.de\/en\/wp-json\/wp\/v2\/pages\/1862\/revisions"}],"predecessor-version":[{"id":21358,"href":"https:\/\/bimmerle.de\/en\/wp-json\/wp\/v2\/pages\/1862\/revisions\/21358"}],"wp:attachment":[{"href":"https:\/\/bimmerle.de\/en\/wp-json\/wp\/v2\/media?parent=1862"}],"curies":[{"name":"wp","href":"https:\/\/api.w.org\/{rel}","templated":true}]}}